{"id":81,"date":"2025-08-05T16:12:04","date_gmt":"2025-08-05T19:12:04","guid":{"rendered":"https:\/\/www.fiosencantadosjf.com\/loja\/?post_type=product&#038;p=81"},"modified":"2025-08-08T00:56:33","modified_gmt":"2025-08-08T03:56:33","slug":"bolsa-agatha-tam-m","status":"publish","type":"product","link":"https:\/\/www.fiosencantadosjf.com\/loja\/product\/bolsa-agatha-tam-m\/","title":{"rendered":"Bolsa Agatha \u2013 TAM M"},"content":{"rendered":"<p>Bolsa Agatha \u2013 TAM M \ud83d\udc9c Delicada, charmosa e cheia de personalidade! A Bolsa \u00c1gatha traz uma combina\u00e7\u00e3o suave de tons lavanda, lil\u00e1s e ros\u00e9, com uma al\u00e7a tran\u00e7ada robusta e estilosa que vai de um lado ao outro, proporcionando conforto e eleg\u00e2ncia. Feita 100% \u00e0 m\u00e3o em fio de malha premium, ela \u00e9 ideal para quem ama pe\u00e7as exclusivas, com acabamento impec\u00e1vel e toque artesanal. Acompanha um chaveirinho em formato de cora\u00e7\u00e3o combinando para um toque extra de fofura! \u2728 Destaques: \u2022 Al\u00e7a tran\u00e7ada refor\u00e7ada e confort\u00e1vel \u2022 Estrutura firme \u2022 Fechamento seguro \u2022 Chaveiro de cora\u00e7\u00e3o incluso \u2022 Bolsa vers\u00e1til para looks casuais<\/p>\n","protected":false},"excerpt":{"rendered":"<p>Bolsa Agatha \u2013 TAM M \ud83d\udc9c Delicada, charmosa e cheia de personalidade! A Bolsa \u00c1gatha traz uma combina\u00e7\u00e3o suave de tons lavanda, lil\u00e1s e ros\u00e9, com uma al\u00e7a tran\u00e7ada robusta e estilosa que vai de um lado ao outro, proporcionando conforto e eleg\u00e2ncia. Feita 100% \u00e0 m\u00e3o em fio de malha premium, ela \u00e9 ideal [&hellip;]<\/p>\n","protected":false},"featured_media":82,"comment_status":"open","ping_status":"closed","template":"","meta":[],"product_brand":[],"product_cat":[17,23],"product_tag":[],"class_list":{"0":"post-81","1":"product","2":"type-product","3":"status-publish","4":"has-post-thumbnail","6":"product_cat-bolsas","7":"product_cat-novidades","9":"first","10":"instock","11":"taxable","12":"shipping-taxable","13":"purchasable","14":"product-type-simple"},"_links":{"self":[{"href":"https:\/\/www.fiosencantadosjf.com\/loja\/wp-json\/wp\/v2\/product\/81","targetHints":{"allow":["GET"]}}],"collection":[{"href":"https:\/\/www.fiosencantadosjf.com\/loja\/wp-json\/wp\/v2\/product"}],"about":[{"href":"https:\/\/www.fiosencantadosjf.com\/loja\/wp-json\/wp\/v2\/types\/product"}],"replies":[{"embeddable":true,"href":"https:\/\/www.fiosencantadosjf.com\/loja\/wp-json\/wp\/v2\/comments?post=81"}],"wp:featuredmedia":[{"embeddable":true,"href":"https:\/\/www.fiosencantadosjf.com\/loja\/wp-json\/wp\/v2\/media\/82"}],"wp:attachment":[{"href":"https:\/\/www.fiosencantadosjf.com\/loja\/wp-json\/wp\/v2\/media?parent=81"}],"wp:term":[{"taxonomy":"product_brand","embeddable":true,"href":"https:\/\/www.fiosencantadosjf.com\/loja\/wp-json\/wp\/v2\/product_brand?post=81"},{"taxonomy":"product_cat","embeddable":true,"href":"https:\/\/www.fiosencantadosjf.com\/loja\/wp-json\/wp\/v2\/product_cat?post=81"},{"taxonomy":"product_tag","embeddable":true,"href":"https:\/\/www.fiosencantadosjf.com\/loja\/wp-json\/wp\/v2\/product_tag?post=81"}],"curies":[{"name":"wp","href":"https:\/\/api.w.org\/{rel}","templated":true}]}}