{"id":79,"date":"2025-08-05T16:10:13","date_gmt":"2025-08-05T19:10:13","guid":{"rendered":"https:\/\/www.fiosencantadosjf.com\/loja\/?post_type=product&#038;p=79"},"modified":"2025-08-05T16:11:54","modified_gmt":"2025-08-05T19:11:54","slug":"modelo-nicole-tam-m","status":"publish","type":"product","link":"https:\/\/www.fiosencantadosjf.com\/loja\/product\/modelo-nicole-tam-m\/","title":{"rendered":"Modelo Nicole TAM M"},"content":{"rendered":"<p>Bolsa Nicole M \u2013 Modernidade e Leveza em Tons de Ver\u00e3o A Bolsa Nicole M \u00e9 uma verdadeira obra de arte artesanal que une eleg\u00e2ncia, modernidade e frescor. Com um degrad\u00ea encantador em tons de verde, ela transmite leveza e personalidade, ideal para quem busca um acess\u00f3rio \u00fanico e cheio de estilo. Feita \u00e0 m\u00e3o com fio de malha de alta qualidade, sua estrutura firme e acabamento detalhado garantem durabilidade e beleza. As al\u00e7as circulares revestidas em croch\u00ea trazem ainda mais charme ao design, sendo perfeitas para usar tanto no dia a dia quanto em ocasi\u00f5es especiais. Destaques do produto: \u2022 Tamanho M \u2013 equilibrado e pr\u00e1tico \u2022 Degrad\u00ea em tons de verde: refrescante, elegante e vers\u00e1til \u2022 Al\u00e7a circular estruturada e confort\u00e1vel \u2022 Fio de malha premium com acabamento artesanal \u2022 Estrutura firme e delicada \u2022 Design autoral e exclusivo \ud83d\udc9a A Nicole M \u00e9 para quem ama o toque artesanal com um visual moderno e marcante. Um acess\u00f3rio que fala por si e transforma qualquer look!<\/p>\n","protected":false},"excerpt":{"rendered":"<p>Bolsa Nicole M \u2013 Modernidade e Leveza em Tons de Ver\u00e3o A Bolsa Nicole M \u00e9 uma verdadeira obra de arte artesanal que une eleg\u00e2ncia, modernidade e frescor. Com um degrad\u00ea encantador em tons de verde, ela transmite leveza e personalidade, ideal para quem busca um acess\u00f3rio \u00fanico e cheio de estilo. Feita \u00e0 m\u00e3o [&hellip;]<\/p>\n","protected":false},"featured_media":80,"comment_status":"open","ping_status":"closed","template":"","meta":[],"product_brand":[],"product_cat":[17],"product_tag":[],"class_list":{"0":"post-79","1":"product","2":"type-product","3":"status-publish","4":"has-post-thumbnail","6":"product_cat-bolsas","8":"first","9":"instock","10":"taxable","11":"shipping-taxable","12":"purchasable","13":"product-type-simple"},"_links":{"self":[{"href":"https:\/\/www.fiosencantadosjf.com\/loja\/wp-json\/wp\/v2\/product\/79","targetHints":{"allow":["GET"]}}],"collection":[{"href":"https:\/\/www.fiosencantadosjf.com\/loja\/wp-json\/wp\/v2\/product"}],"about":[{"href":"https:\/\/www.fiosencantadosjf.com\/loja\/wp-json\/wp\/v2\/types\/product"}],"replies":[{"embeddable":true,"href":"https:\/\/www.fiosencantadosjf.com\/loja\/wp-json\/wp\/v2\/comments?post=79"}],"wp:featuredmedia":[{"embeddable":true,"href":"https:\/\/www.fiosencantadosjf.com\/loja\/wp-json\/wp\/v2\/media\/80"}],"wp:attachment":[{"href":"https:\/\/www.fiosencantadosjf.com\/loja\/wp-json\/wp\/v2\/media?parent=79"}],"wp:term":[{"taxonomy":"product_brand","embeddable":true,"href":"https:\/\/www.fiosencantadosjf.com\/loja\/wp-json\/wp\/v2\/product_brand?post=79"},{"taxonomy":"product_cat","embeddable":true,"href":"https:\/\/www.fiosencantadosjf.com\/loja\/wp-json\/wp\/v2\/product_cat?post=79"},{"taxonomy":"product_tag","embeddable":true,"href":"https:\/\/www.fiosencantadosjf.com\/loja\/wp-json\/wp\/v2\/product_tag?post=79"}],"curies":[{"name":"wp","href":"https:\/\/api.w.org\/{rel}","templated":true}]}}