{"id":77,"date":"2025-08-05T16:08:55","date_gmt":"2025-08-05T19:08:55","guid":{"rendered":"https:\/\/www.fiosencantadosjf.com\/loja\/?post_type=product&#038;p=77"},"modified":"2025-08-05T16:09:56","modified_gmt":"2025-08-05T19:09:56","slug":"modelo-ester-tam-p","status":"publish","type":"product","link":"https:\/\/www.fiosencantadosjf.com\/loja\/product\/modelo-ester-tam-p\/","title":{"rendered":"Modelo Ester TAM P"},"content":{"rendered":"<p>Bolsa Ester P \u2013 Cl\u00e1ssica, Marcante e Artesanal A Bolsa Ester P \u00e9 a uni\u00e3o perfeita entre o charme do feito \u00e0 m\u00e3o e a sofistica\u00e7\u00e3o de um design atemporal. Combinando tons marcantes de azul-marinho e vermelho, ela entrega personalidade e eleg\u00e2ncia em cada detalhe. Feita artesanalmente com fio de malha premium, a pe\u00e7a possui uma estrutura delicada e ao mesmo tempo firme, com fechamento tipo clutch dourado e al\u00e7a em corrente met\u00e1lica, que transforma a bolsa em um acess\u00f3rio vers\u00e1til e refinado. Destaques do produto: \u2022 Tamanho P \u2013 ideal para ocasi\u00f5es especiais ou para levar o essencial com estilo \u2022 Fio de malha encorpado e resistente \u2022 Al\u00e7a de corrente dourada remov\u00edvel \u2022 Fechamento tipo clutch com detalhe esculpido \u2022 Cores: Azul-marinho e vermelho \u2022 Design elegante e exclusivo \u2022 Produ\u00e7\u00e3o 100% artesanal \ud83c\udf80 A Bolsa Ester \u00e9 perfeita para mulheres que buscam eleg\u00e2ncia com um toque criativo e autoral. Uma pe\u00e7a que rouba a cena com classe e autenticidade.<\/p>\n","protected":false},"excerpt":{"rendered":"<p>Bolsa Ester P \u2013 Cl\u00e1ssica, Marcante e Artesanal A Bolsa Ester P \u00e9 a uni\u00e3o perfeita entre o charme do feito \u00e0 m\u00e3o e a sofistica\u00e7\u00e3o de um design atemporal. Combinando tons marcantes de azul-marinho e vermelho, ela entrega personalidade e eleg\u00e2ncia em cada detalhe. Feita artesanalmente com fio de malha premium, a pe\u00e7a possui [&hellip;]<\/p>\n","protected":false},"featured_media":78,"comment_status":"open","ping_status":"closed","template":"","meta":[],"product_brand":[],"product_cat":[17],"product_tag":[],"class_list":{"0":"post-77","1":"product","2":"type-product","3":"status-publish","4":"has-post-thumbnail","6":"product_cat-bolsas","8":"first","9":"instock","10":"taxable","11":"shipping-taxable","12":"purchasable","13":"product-type-simple"},"_links":{"self":[{"href":"https:\/\/www.fiosencantadosjf.com\/loja\/wp-json\/wp\/v2\/product\/77","targetHints":{"allow":["GET"]}}],"collection":[{"href":"https:\/\/www.fiosencantadosjf.com\/loja\/wp-json\/wp\/v2\/product"}],"about":[{"href":"https:\/\/www.fiosencantadosjf.com\/loja\/wp-json\/wp\/v2\/types\/product"}],"replies":[{"embeddable":true,"href":"https:\/\/www.fiosencantadosjf.com\/loja\/wp-json\/wp\/v2\/comments?post=77"}],"wp:featuredmedia":[{"embeddable":true,"href":"https:\/\/www.fiosencantadosjf.com\/loja\/wp-json\/wp\/v2\/media\/78"}],"wp:attachment":[{"href":"https:\/\/www.fiosencantadosjf.com\/loja\/wp-json\/wp\/v2\/media?parent=77"}],"wp:term":[{"taxonomy":"product_brand","embeddable":true,"href":"https:\/\/www.fiosencantadosjf.com\/loja\/wp-json\/wp\/v2\/product_brand?post=77"},{"taxonomy":"product_cat","embeddable":true,"href":"https:\/\/www.fiosencantadosjf.com\/loja\/wp-json\/wp\/v2\/product_cat?post=77"},{"taxonomy":"product_tag","embeddable":true,"href":"https:\/\/www.fiosencantadosjf.com\/loja\/wp-json\/wp\/v2\/product_tag?post=77"}],"curies":[{"name":"wp","href":"https:\/\/api.w.org\/{rel}","templated":true}]}}