{"id":75,"date":"2025-08-05T16:06:58","date_gmt":"2025-08-05T19:06:58","guid":{"rendered":"https:\/\/www.fiosencantadosjf.com\/loja\/?post_type=product&#038;p=75"},"modified":"2025-08-05T16:08:32","modified_gmt":"2025-08-05T19:08:32","slug":"modelo-ana-g","status":"publish","type":"product","link":"https:\/\/www.fiosencantadosjf.com\/loja\/product\/modelo-ana-g\/","title":{"rendered":"Modelo Ana G"},"content":{"rendered":"<p>Bolsa Ana G \u2013 Leveza, Estilo e Versatilidade em uma Pe\u00e7a Artesanal A Bolsa Ana G \u00e9 uma pe\u00e7a que traduz eleg\u00e2ncia natural com um toque contempor\u00e2neo. Feita \u00e0 m\u00e3o com fio de malha encorpado e acabamento impec\u00e1vel, ela traz em sua composi\u00e7\u00e3o uma charmosa faixa branca contrastante e um pingente de tassel remov\u00edvel que adiciona movimento e estilo ao visual. Seu formato estruturado e o tamanho generoso permitem carregar todos os seus essenciais com praticidade, sem abrir m\u00e3o da beleza. As al\u00e7as refor\u00e7adas garantem conforto no uso, seja para o dia a dia ou ocasi\u00f5es especiais. Destaques do produto: \u2022 Tamanho G \u2013 espa\u00e7osa e funcional \u2022 Produ\u00e7\u00e3o 100% artesanal \u2022 Fio de malha de alta qualidade \u2022 Al\u00e7a de m\u00e3o refor\u00e7ada \u2022 Detalhe em faixa branca e tassel decorativo \u2022 Cor: Caramelo com branco \u2022 Fechamento por bot\u00e3o magn\u00e9tico \u2022 Design moderno e vers\u00e1til \ud83c\udf3e Uma bolsa leve, charmosa e perfeita para quem ama moda consciente e cheia de personalidade.<\/p>\n","protected":false},"excerpt":{"rendered":"<p>Bolsa Ana G \u2013 Leveza, Estilo e Versatilidade em uma Pe\u00e7a Artesanal A Bolsa Ana G \u00e9 uma pe\u00e7a que traduz eleg\u00e2ncia natural com um toque contempor\u00e2neo. Feita \u00e0 m\u00e3o com fio de malha encorpado e acabamento impec\u00e1vel, ela traz em sua composi\u00e7\u00e3o uma charmosa faixa branca contrastante e um pingente de tassel remov\u00edvel que [&hellip;]<\/p>\n","protected":false},"featured_media":76,"comment_status":"open","ping_status":"closed","template":"","meta":[],"product_brand":[],"product_cat":[17],"product_tag":[],"class_list":{"0":"post-75","1":"product","2":"type-product","3":"status-publish","4":"has-post-thumbnail","6":"product_cat-bolsas","8":"first","9":"instock","10":"taxable","11":"shipping-taxable","12":"purchasable","13":"product-type-simple"},"_links":{"self":[{"href":"https:\/\/www.fiosencantadosjf.com\/loja\/wp-json\/wp\/v2\/product\/75","targetHints":{"allow":["GET"]}}],"collection":[{"href":"https:\/\/www.fiosencantadosjf.com\/loja\/wp-json\/wp\/v2\/product"}],"about":[{"href":"https:\/\/www.fiosencantadosjf.com\/loja\/wp-json\/wp\/v2\/types\/product"}],"replies":[{"embeddable":true,"href":"https:\/\/www.fiosencantadosjf.com\/loja\/wp-json\/wp\/v2\/comments?post=75"}],"wp:featuredmedia":[{"embeddable":true,"href":"https:\/\/www.fiosencantadosjf.com\/loja\/wp-json\/wp\/v2\/media\/76"}],"wp:attachment":[{"href":"https:\/\/www.fiosencantadosjf.com\/loja\/wp-json\/wp\/v2\/media?parent=75"}],"wp:term":[{"taxonomy":"product_brand","embeddable":true,"href":"https:\/\/www.fiosencantadosjf.com\/loja\/wp-json\/wp\/v2\/product_brand?post=75"},{"taxonomy":"product_cat","embeddable":true,"href":"https:\/\/www.fiosencantadosjf.com\/loja\/wp-json\/wp\/v2\/product_cat?post=75"},{"taxonomy":"product_tag","embeddable":true,"href":"https:\/\/www.fiosencantadosjf.com\/loja\/wp-json\/wp\/v2\/product_tag?post=75"}],"curies":[{"name":"wp","href":"https:\/\/api.w.org\/{rel}","templated":true}]}}