{"id":73,"date":"2025-08-05T16:05:32","date_gmt":"2025-08-05T19:05:32","guid":{"rendered":"https:\/\/www.fiosencantadosjf.com\/loja\/?post_type=product&#038;p=73"},"modified":"2025-08-05T16:06:24","modified_gmt":"2025-08-05T19:06:24","slug":"bolsa-veronica-tam-g","status":"publish","type":"product","link":"https:\/\/www.fiosencantadosjf.com\/loja\/product\/bolsa-veronica-tam-g\/","title":{"rendered":"Bolsa Ver\u00f4nica TAM G"},"content":{"rendered":"<p>Bolsa Ver\u00f4nica G \u2013 Eleg\u00e2ncia Natural com Toque Artesanal A Bolsa Ver\u00f4nica G \u00e9 uma pe\u00e7a encantadora, feita para mulheres que amam sofistica\u00e7\u00e3o, delicadeza e autenticidade. Produzida artesanalmente em fio de malha estruturado, ela combina textura firme com um design \u00fanico, real\u00e7ado pela charmosa flor em croch\u00ea aplicada \u00e0 m\u00e3o. Seu tom mostarda \u00e9 moderno e vers\u00e1til, ideal para compor looks rom\u00e2nticos, vintage ou contempor\u00e2neos com originalidade. As al\u00e7as em madeira natural proporcionam firmeza e um toque r\u00fastico-chique que transforma qualquer produ\u00e7\u00e3o. Destaques do produto: \u2022 Tamanho G \u2013 ideal para quem precisa de espa\u00e7o sem abrir m\u00e3o do estilo \u2022 Fio de malha premium, encorpado e resistente \u2022 Detalhe de flor artesanal aplicada \u2022 Al\u00e7as redondas em madeira natural \u2022 Cor: Mostarda com flor em tons terrosos \u2022 Design exclusivo, feito \u00e0 m\u00e3o \ud83c\udf3c Uma bolsa que carrega o frescor da natureza, a delicadeza do feito \u00e0 m\u00e3o e o charme das flores em cada ponto.<\/p>\n","protected":false},"excerpt":{"rendered":"<p>Bolsa Ver\u00f4nica G \u2013 Eleg\u00e2ncia Natural com Toque Artesanal A Bolsa Ver\u00f4nica G \u00e9 uma pe\u00e7a encantadora, feita para mulheres que amam sofistica\u00e7\u00e3o, delicadeza e autenticidade. Produzida artesanalmente em fio de malha estruturado, ela combina textura firme com um design \u00fanico, real\u00e7ado pela charmosa flor em croch\u00ea aplicada \u00e0 m\u00e3o. Seu tom mostarda \u00e9 moderno [&hellip;]<\/p>\n","protected":false},"featured_media":74,"comment_status":"open","ping_status":"closed","template":"","meta":[],"product_brand":[],"product_cat":[17],"product_tag":[],"class_list":{"0":"post-73","1":"product","2":"type-product","3":"status-publish","4":"has-post-thumbnail","6":"product_cat-bolsas","8":"first","9":"instock","10":"taxable","11":"shipping-taxable","12":"purchasable","13":"product-type-simple"},"_links":{"self":[{"href":"https:\/\/www.fiosencantadosjf.com\/loja\/wp-json\/wp\/v2\/product\/73","targetHints":{"allow":["GET"]}}],"collection":[{"href":"https:\/\/www.fiosencantadosjf.com\/loja\/wp-json\/wp\/v2\/product"}],"about":[{"href":"https:\/\/www.fiosencantadosjf.com\/loja\/wp-json\/wp\/v2\/types\/product"}],"replies":[{"embeddable":true,"href":"https:\/\/www.fiosencantadosjf.com\/loja\/wp-json\/wp\/v2\/comments?post=73"}],"wp:featuredmedia":[{"embeddable":true,"href":"https:\/\/www.fiosencantadosjf.com\/loja\/wp-json\/wp\/v2\/media\/74"}],"wp:attachment":[{"href":"https:\/\/www.fiosencantadosjf.com\/loja\/wp-json\/wp\/v2\/media?parent=73"}],"wp:term":[{"taxonomy":"product_brand","embeddable":true,"href":"https:\/\/www.fiosencantadosjf.com\/loja\/wp-json\/wp\/v2\/product_brand?post=73"},{"taxonomy":"product_cat","embeddable":true,"href":"https:\/\/www.fiosencantadosjf.com\/loja\/wp-json\/wp\/v2\/product_cat?post=73"},{"taxonomy":"product_tag","embeddable":true,"href":"https:\/\/www.fiosencantadosjf.com\/loja\/wp-json\/wp\/v2\/product_tag?post=73"}],"curies":[{"name":"wp","href":"https:\/\/api.w.org\/{rel}","templated":true}]}}