{"id":71,"date":"2025-08-05T16:03:23","date_gmt":"2025-08-05T19:03:23","guid":{"rendered":"https:\/\/www.fiosencantadosjf.com\/loja\/?post_type=product&#038;p=71"},"modified":"2025-08-05T16:04:52","modified_gmt":"2025-08-05T19:04:52","slug":"modelo-emily-tam-g","status":"publish","type":"product","link":"https:\/\/www.fiosencantadosjf.com\/loja\/product\/modelo-emily-tam-g\/","title":{"rendered":"Modelo Emily TAM G"},"content":{"rendered":"<p>Bolsa Emily \u2013 Sofistica\u00e7\u00e3o e Delicadeza em Forma de Arte A Bolsa Emily \u00e9 uma verdadeira joia artesanal. Feita \u00e0 m\u00e3o com fio de malha de alta qualidade, ela traz uma textura encorpada e macia, com tramas cuidadosamente trabalhadas para expressar eleg\u00e2ncia, feminilidade e delicadeza. Na cor rosa antigo, a pe\u00e7a combina com visuais rom\u00e2nticos e ocasi\u00f5es especiais, sendo destaque em qualquer look. O detalhe do le\u00e3o dourado na parte frontal transmite poder e exclusividade, enquanto as ferragens em tom dourado complementam o acabamento refinado. A al\u00e7a curta e a al\u00e7a longa tran\u00e7ada proporcionam versatilidade para usar na m\u00e3o ou no ombro, com muito conforto. Destaques do produto: \u2022 Produ\u00e7\u00e3o 100% artesanal \u2022 Fio de malha premium \u2022 Al\u00e7a de m\u00e3o + al\u00e7a longa tran\u00e7ada \u2022 Detalhe frontal com le\u00e3o dourado e plaquinha personalizada \u2022 Cor: Rosa antigo \u2022 Estrutura firme e elegante \u2728 Uma bolsa para quem valoriza pe\u00e7as autorais, com acabamento impec\u00e1vel e estilo que transmite do\u00e7ura e personalidade<\/p>\n","protected":false},"excerpt":{"rendered":"<p>Bolsa Emily \u2013 Sofistica\u00e7\u00e3o e Delicadeza em Forma de Arte A Bolsa Emily \u00e9 uma verdadeira joia artesanal. Feita \u00e0 m\u00e3o com fio de malha de alta qualidade, ela traz uma textura encorpada e macia, com tramas cuidadosamente trabalhadas para expressar eleg\u00e2ncia, feminilidade e delicadeza. Na cor rosa antigo, a pe\u00e7a combina com visuais rom\u00e2nticos [&hellip;]<\/p>\n","protected":false},"featured_media":72,"comment_status":"open","ping_status":"closed","template":"","meta":[],"product_brand":[],"product_cat":[17],"product_tag":[],"class_list":{"0":"post-71","1":"product","2":"type-product","3":"status-publish","4":"has-post-thumbnail","6":"product_cat-bolsas","8":"first","9":"instock","10":"taxable","11":"shipping-taxable","12":"purchasable","13":"product-type-simple"},"_links":{"self":[{"href":"https:\/\/www.fiosencantadosjf.com\/loja\/wp-json\/wp\/v2\/product\/71","targetHints":{"allow":["GET"]}}],"collection":[{"href":"https:\/\/www.fiosencantadosjf.com\/loja\/wp-json\/wp\/v2\/product"}],"about":[{"href":"https:\/\/www.fiosencantadosjf.com\/loja\/wp-json\/wp\/v2\/types\/product"}],"replies":[{"embeddable":true,"href":"https:\/\/www.fiosencantadosjf.com\/loja\/wp-json\/wp\/v2\/comments?post=71"}],"wp:featuredmedia":[{"embeddable":true,"href":"https:\/\/www.fiosencantadosjf.com\/loja\/wp-json\/wp\/v2\/media\/72"}],"wp:attachment":[{"href":"https:\/\/www.fiosencantadosjf.com\/loja\/wp-json\/wp\/v2\/media?parent=71"}],"wp:term":[{"taxonomy":"product_brand","embeddable":true,"href":"https:\/\/www.fiosencantadosjf.com\/loja\/wp-json\/wp\/v2\/product_brand?post=71"},{"taxonomy":"product_cat","embeddable":true,"href":"https:\/\/www.fiosencantadosjf.com\/loja\/wp-json\/wp\/v2\/product_cat?post=71"},{"taxonomy":"product_tag","embeddable":true,"href":"https:\/\/www.fiosencantadosjf.com\/loja\/wp-json\/wp\/v2\/product_tag?post=71"}],"curies":[{"name":"wp","href":"https:\/\/api.w.org\/{rel}","templated":true}]}}