{"id":1472,"date":"2026-03-27T09:43:28","date_gmt":"2026-03-27T12:43:28","guid":{"rendered":"https:\/\/www.fiosencantadosjf.com\/loja\/product\/alca-em-corrente-1m-e-20cm\/"},"modified":"2026-03-27T09:43:28","modified_gmt":"2026-03-27T12:43:28","slug":"alca-em-corrente-1m-e-20cm","status":"publish","type":"product","link":"https:\/\/www.fiosencantadosjf.com\/loja\/product\/alca-em-corrente-1m-e-20cm\/","title":{"rendered":"Al\u00e7a em corrente 1m e 20cm"},"content":{"rendered":"<p>\u2728 Al\u00e7a de Corrente com Mosquet\u00e3o \u2013 Pronta para sua Bolsa \u2728<br \/>\nDeixe sua bolsa ainda mais elegante e pr\u00e1tica com nossa al\u00e7a de corrente com mosquet\u00e3o! Perfeita para quem busca beleza, resist\u00eancia e facilidade no uso.<br \/>\n\u2714\ufe0f Material resistente e dur\u00e1vel<br \/>\n\u2714\ufe0f Mosquet\u00f5es firmes, f\u00e1ceis de encaixar e remover<br \/>\n\u2714\ufe0f Design moderno e sofisticado<br \/>\n\u2714\ufe0f Ideal para bolsas de croch\u00ea, couro ou sint\u00e9ticas<br \/>\n\u2714\ufe0f Pronta para uso \u2013 \u00e9 s\u00f3 encaixar na sua pe\u00e7a<br \/>\n\ud83d\udcbc Transforme sua bolsa com um toque de estilo e praticidade!<\/p>\n","protected":false},"excerpt":{"rendered":"<p>\u2728 Al\u00e7a de Corrente com Mosquet\u00e3o \u2013 Pronta para sua Bolsa \u2728 Deixe sua bolsa ainda mais elegante e pr\u00e1tica com nossa al\u00e7a de corrente com mosquet\u00e3o! Perfeita para quem busca beleza, resist\u00eancia e facilidade no uso. \u2714\ufe0f Material resistente e dur\u00e1vel \u2714\ufe0f Mosquet\u00f5es firmes, f\u00e1ceis de encaixar e remover \u2714\ufe0f Design moderno e sofisticado [&hellip;]<\/p>\n","protected":false},"featured_media":1471,"comment_status":"open","ping_status":"closed","template":"","meta":[],"product_brand":[],"product_cat":[15],"product_tag":[],"class_list":{"0":"post-1472","1":"product","2":"type-product","3":"status-publish","4":"has-post-thumbnail","6":"product_cat-uncategorized","8":"first","9":"instock","10":"taxable","11":"shipping-taxable","12":"purchasable","13":"product-type-simple"},"_links":{"self":[{"href":"https:\/\/www.fiosencantadosjf.com\/loja\/wp-json\/wp\/v2\/product\/1472","targetHints":{"allow":["GET"]}}],"collection":[{"href":"https:\/\/www.fiosencantadosjf.com\/loja\/wp-json\/wp\/v2\/product"}],"about":[{"href":"https:\/\/www.fiosencantadosjf.com\/loja\/wp-json\/wp\/v2\/types\/product"}],"replies":[{"embeddable":true,"href":"https:\/\/www.fiosencantadosjf.com\/loja\/wp-json\/wp\/v2\/comments?post=1472"}],"wp:featuredmedia":[{"embeddable":true,"href":"https:\/\/www.fiosencantadosjf.com\/loja\/wp-json\/wp\/v2\/media\/1471"}],"wp:attachment":[{"href":"https:\/\/www.fiosencantadosjf.com\/loja\/wp-json\/wp\/v2\/media?parent=1472"}],"wp:term":[{"taxonomy":"product_brand","embeddable":true,"href":"https:\/\/www.fiosencantadosjf.com\/loja\/wp-json\/wp\/v2\/product_brand?post=1472"},{"taxonomy":"product_cat","embeddable":true,"href":"https:\/\/www.fiosencantadosjf.com\/loja\/wp-json\/wp\/v2\/product_cat?post=1472"},{"taxonomy":"product_tag","embeddable":true,"href":"https:\/\/www.fiosencantadosjf.com\/loja\/wp-json\/wp\/v2\/product_tag?post=1472"}],"curies":[{"name":"wp","href":"https:\/\/api.w.org\/{rel}","templated":true}]}}