{"id":1470,"date":"2026-03-27T09:39:46","date_gmt":"2026-03-27T12:39:46","guid":{"rendered":"https:\/\/www.fiosencantadosjf.com\/loja\/product\/fundo-redondo\/"},"modified":"2026-03-27T09:39:46","modified_gmt":"2026-03-27T12:39:46","slug":"fundo-redondo","status":"publish","type":"product","link":"https:\/\/www.fiosencantadosjf.com\/loja\/product\/fundo-redondo\/","title":{"rendered":"Fundo redondo"},"content":{"rendered":"<p>Fundo de couro para croch\u00ea \u2013 15 cm<\/p>\n<p>Ideal para confec\u00e7\u00e3o de bolsas e pe\u00e7as artesanais com acabamento profissional.<\/p>\n<p>\u2714 Material resistente<br \/>\n\u2714 Furos prontos para facilitar o croch\u00ea<br \/>\n\u2714 Base firme e dur\u00e1vel<\/p>\n<p>Perfeito para quem busca praticidade e um resultado impec\u00e1vel!<\/p>\n<p>Dispon\u00edvel em v\u00e1rias cores.<br \/>\nEnvio r\u00e1pido para todo o Brasil.<\/p>\n","protected":false},"excerpt":{"rendered":"<p>Fundo de couro para croch\u00ea \u2013 15 cm Ideal para confec\u00e7\u00e3o de bolsas e pe\u00e7as artesanais com acabamento profissional. \u2714 Material resistente \u2714 Furos prontos para facilitar o croch\u00ea \u2714 Base firme e dur\u00e1vel Perfeito para quem busca praticidade e um resultado impec\u00e1vel! Dispon\u00edvel em v\u00e1rias cores. Envio r\u00e1pido para todo o Brasil.<\/p>\n","protected":false},"featured_media":1467,"comment_status":"open","ping_status":"closed","template":"","meta":[],"product_brand":[],"product_cat":[15],"product_tag":[],"class_list":{"0":"post-1470","1":"product","2":"type-product","3":"status-publish","4":"has-post-thumbnail","6":"product_cat-uncategorized","8":"first","9":"instock","10":"taxable","11":"shipping-taxable","12":"purchasable","13":"product-type-simple"},"_links":{"self":[{"href":"https:\/\/www.fiosencantadosjf.com\/loja\/wp-json\/wp\/v2\/product\/1470","targetHints":{"allow":["GET"]}}],"collection":[{"href":"https:\/\/www.fiosencantadosjf.com\/loja\/wp-json\/wp\/v2\/product"}],"about":[{"href":"https:\/\/www.fiosencantadosjf.com\/loja\/wp-json\/wp\/v2\/types\/product"}],"replies":[{"embeddable":true,"href":"https:\/\/www.fiosencantadosjf.com\/loja\/wp-json\/wp\/v2\/comments?post=1470"}],"wp:featuredmedia":[{"embeddable":true,"href":"https:\/\/www.fiosencantadosjf.com\/loja\/wp-json\/wp\/v2\/media\/1467"}],"wp:attachment":[{"href":"https:\/\/www.fiosencantadosjf.com\/loja\/wp-json\/wp\/v2\/media?parent=1470"}],"wp:term":[{"taxonomy":"product_brand","embeddable":true,"href":"https:\/\/www.fiosencantadosjf.com\/loja\/wp-json\/wp\/v2\/product_brand?post=1470"},{"taxonomy":"product_cat","embeddable":true,"href":"https:\/\/www.fiosencantadosjf.com\/loja\/wp-json\/wp\/v2\/product_cat?post=1470"},{"taxonomy":"product_tag","embeddable":true,"href":"https:\/\/www.fiosencantadosjf.com\/loja\/wp-json\/wp\/v2\/product_tag?post=1470"}],"curies":[{"name":"wp","href":"https:\/\/api.w.org\/{rel}","templated":true}]}}