{"id":1466,"date":"2026-03-04T21:47:38","date_gmt":"2026-03-05T00:47:38","guid":{"rendered":"https:\/\/www.fiosencantadosjf.com\/loja\/product\/kit-amigurumi-keroppi\/"},"modified":"2026-03-04T21:47:38","modified_gmt":"2026-03-05T00:47:38","slug":"kit-amigurumi-keroppi","status":"publish","type":"product","link":"https:\/\/www.fiosencantadosjf.com\/loja\/product\/kit-amigurumi-keroppi\/","title":{"rendered":"KIT amigurumi Keroppi"},"content":{"rendered":"<p>Crie seu pr\u00f3prio Keroppi em croch\u00ea com o Kit Amigurumi da C\u00edrculo! Um projeto divertido e encantador para quem ama artesanato e personagens fofos.<br \/>\nO kit vem com todo o material necess\u00e1rio para confeccionar o amigurumi, sendo ideal tanto para quem est\u00e1 come\u00e7ando quanto para quem j\u00e1 tem experi\u00eancia no croch\u00ea.<br \/>\n\u2728 O kit cont\u00e9m:<br \/>\nNovelos de fio nas cores do personagem<br \/>\nFibra para enchimento<br \/>\nAcess\u00f3rios necess\u00e1rios para montagem<br \/>\nReceita passo a passo para a confec\u00e7\u00e3o<br \/>\n\ud83e\uddf5 Produza seu pr\u00f3prio Keroppi em amigurumi e se encante com o resultado!<br \/>\n\ud83c\udf81 Tamb\u00e9m \u00e9 uma \u00f3tima op\u00e7\u00e3o de presente criativo para amantes de croch\u00ea e DIY.<br \/>\nPerfeito para quem gosta de criar pe\u00e7as artesanais \u00fanicas e cheias de personalidade.<\/p>\n","protected":false},"excerpt":{"rendered":"<p>Crie seu pr\u00f3prio Keroppi em croch\u00ea com o Kit Amigurumi da C\u00edrculo! Um projeto divertido e encantador para quem ama artesanato e personagens fofos. O kit vem com todo o material necess\u00e1rio para confeccionar o amigurumi, sendo ideal tanto para quem est\u00e1 come\u00e7ando quanto para quem j\u00e1 tem experi\u00eancia no croch\u00ea. \u2728 O kit cont\u00e9m: [&hellip;]<\/p>\n","protected":false},"featured_media":1465,"comment_status":"open","ping_status":"closed","template":"","meta":[],"product_brand":[],"product_cat":[15],"product_tag":[],"class_list":{"0":"post-1466","1":"product","2":"type-product","3":"status-publish","4":"has-post-thumbnail","6":"product_cat-uncategorized","8":"first","9":"instock","10":"taxable","11":"shipping-taxable","12":"purchasable","13":"product-type-simple"},"_links":{"self":[{"href":"https:\/\/www.fiosencantadosjf.com\/loja\/wp-json\/wp\/v2\/product\/1466","targetHints":{"allow":["GET"]}}],"collection":[{"href":"https:\/\/www.fiosencantadosjf.com\/loja\/wp-json\/wp\/v2\/product"}],"about":[{"href":"https:\/\/www.fiosencantadosjf.com\/loja\/wp-json\/wp\/v2\/types\/product"}],"replies":[{"embeddable":true,"href":"https:\/\/www.fiosencantadosjf.com\/loja\/wp-json\/wp\/v2\/comments?post=1466"}],"wp:featuredmedia":[{"embeddable":true,"href":"https:\/\/www.fiosencantadosjf.com\/loja\/wp-json\/wp\/v2\/media\/1465"}],"wp:attachment":[{"href":"https:\/\/www.fiosencantadosjf.com\/loja\/wp-json\/wp\/v2\/media?parent=1466"}],"wp:term":[{"taxonomy":"product_brand","embeddable":true,"href":"https:\/\/www.fiosencantadosjf.com\/loja\/wp-json\/wp\/v2\/product_brand?post=1466"},{"taxonomy":"product_cat","embeddable":true,"href":"https:\/\/www.fiosencantadosjf.com\/loja\/wp-json\/wp\/v2\/product_cat?post=1466"},{"taxonomy":"product_tag","embeddable":true,"href":"https:\/\/www.fiosencantadosjf.com\/loja\/wp-json\/wp\/v2\/product_tag?post=1466"}],"curies":[{"name":"wp","href":"https:\/\/api.w.org\/{rel}","templated":true}]}}