{"id":1458,"date":"2026-03-04T21:40:34","date_gmt":"2026-03-05T00:40:34","guid":{"rendered":"https:\/\/www.fiosencantadosjf.com\/loja\/product\/alca-de-bolsa-ajustavel-estampa-animal-print\/"},"modified":"2026-03-04T21:40:34","modified_gmt":"2026-03-05T00:40:34","slug":"alca-de-bolsa-ajustavel-estampa-animal-print","status":"publish","type":"product","link":"https:\/\/www.fiosencantadosjf.com\/loja\/product\/alca-de-bolsa-ajustavel-estampa-animal-print\/","title":{"rendered":"Al\u00e7a de Bolsa Ajust\u00e1vel Estampa Animal Print"},"content":{"rendered":"<p>Deixe sua bolsa ainda mais estilosa com esta linda al\u00e7a ajust\u00e1vel com estampa animal print. Produzida em material resistente e de alta qualidade, ela combina praticidade e eleg\u00e2ncia para transformar o visual da sua bolsa em segundos.<br \/>\nPossui regulagem de tamanho, permitindo ajustar conforme sua prefer\u00eancia para usar no ombro ou na transversal. Os mosquet\u00f5es met\u00e1licos nas pontas facilitam a coloca\u00e7\u00e3o em diferentes modelos de bolsas, garantindo firmeza e seguran\u00e7a no uso.<br \/>\nPerfeita para quem gosta de renovar o visual das bolsas e adicionar um toque moderno e sofisticado ao look.<br \/>\nCaracter\u00edsticas: \u2022 Estampa: Animal print (oncinha)<br \/>\n\u2022 Al\u00e7a ajust\u00e1vel<br \/>\n\u2022 Mosquet\u00f5es met\u00e1licos nas pontas<br \/>\n\u2022 Material resistente<br \/>\n\u2022 Ideal para bolsas femininas<br \/>\nDica: Uma \u00f3tima op\u00e7\u00e3o para personalizar suas bolsas e criar combina\u00e7\u00f5es \u00fanicas para diferentes ocasi\u00f5es.<\/p>\n","protected":false},"excerpt":{"rendered":"<p>Deixe sua bolsa ainda mais estilosa com esta linda al\u00e7a ajust\u00e1vel com estampa animal print. Produzida em material resistente e de alta qualidade, ela combina praticidade e eleg\u00e2ncia para transformar o visual da sua bolsa em segundos. Possui regulagem de tamanho, permitindo ajustar conforme sua prefer\u00eancia para usar no ombro ou na transversal. Os mosquet\u00f5es [&hellip;]<\/p>\n","protected":false},"featured_media":1456,"comment_status":"open","ping_status":"closed","template":"","meta":[],"product_brand":[],"product_cat":[15],"product_tag":[],"class_list":{"0":"post-1458","1":"product","2":"type-product","3":"status-publish","4":"has-post-thumbnail","6":"product_cat-uncategorized","8":"first","9":"instock","10":"taxable","11":"shipping-taxable","12":"purchasable","13":"product-type-simple"},"_links":{"self":[{"href":"https:\/\/www.fiosencantadosjf.com\/loja\/wp-json\/wp\/v2\/product\/1458","targetHints":{"allow":["GET"]}}],"collection":[{"href":"https:\/\/www.fiosencantadosjf.com\/loja\/wp-json\/wp\/v2\/product"}],"about":[{"href":"https:\/\/www.fiosencantadosjf.com\/loja\/wp-json\/wp\/v2\/types\/product"}],"replies":[{"embeddable":true,"href":"https:\/\/www.fiosencantadosjf.com\/loja\/wp-json\/wp\/v2\/comments?post=1458"}],"wp:featuredmedia":[{"embeddable":true,"href":"https:\/\/www.fiosencantadosjf.com\/loja\/wp-json\/wp\/v2\/media\/1456"}],"wp:attachment":[{"href":"https:\/\/www.fiosencantadosjf.com\/loja\/wp-json\/wp\/v2\/media?parent=1458"}],"wp:term":[{"taxonomy":"product_brand","embeddable":true,"href":"https:\/\/www.fiosencantadosjf.com\/loja\/wp-json\/wp\/v2\/product_brand?post=1458"},{"taxonomy":"product_cat","embeddable":true,"href":"https:\/\/www.fiosencantadosjf.com\/loja\/wp-json\/wp\/v2\/product_cat?post=1458"},{"taxonomy":"product_tag","embeddable":true,"href":"https:\/\/www.fiosencantadosjf.com\/loja\/wp-json\/wp\/v2\/product_tag?post=1458"}],"curies":[{"name":"wp","href":"https:\/\/api.w.org\/{rel}","templated":true}]}}