{"id":1453,"date":"2026-01-26T17:45:53","date_gmt":"2026-01-26T20:45:53","guid":{"rendered":"https:\/\/www.fiosencantadosjf.com\/loja\/product\/kit-coelhinha-amigurumi\/"},"modified":"2026-01-26T17:45:53","modified_gmt":"2026-01-26T20:45:53","slug":"kit-coelhinha-amigurumi","status":"publish","type":"product","link":"https:\/\/www.fiosencantadosjf.com\/loja\/product\/kit-coelhinha-amigurumi\/","title":{"rendered":"kit coelhinha amigurumi"},"content":{"rendered":"<p>O Kit Amigurumi Coelhinha \u00e9 ideal para quem ama croch\u00ea e deseja criar uma pe\u00e7a delicada, encantadora e perfeita para a P\u00e1scoa. Pensado para facilitar sua produ\u00e7\u00e3o, o kit cont\u00e9m os materiais essenciais para voc\u00ea confeccionar sua pr\u00f3pria coelhinha amigurumi com acabamento profissional.<br \/>\nUma \u00f3tima op\u00e7\u00e3o tanto para hobby quanto para quem deseja produzir para venda \ud83d\udc99<br \/>\n\u2728 O que acompanha o kit:<br \/>\nFios nas cores necess\u00e1rias para a confec\u00e7\u00e3o<br \/>\nOlhos com trava de seguran\u00e7a<br \/>\nEnchimento (fibra siliconada)<br \/>\nAcess\u00f3rios (la\u00e7o\/detalhes decorativos)<br \/>\nReceita passo a passo (PDF ou impressa \u2013 ajuste conforme o seu caso)<br \/>\n\ud83e\uddf6 N\u00edvel de dificuldade: Intermedi\u00e1rio (ou iniciante, se preferir ajustar)<\/p>\n","protected":false},"excerpt":{"rendered":"<p>O Kit Amigurumi Coelhinha \u00e9 ideal para quem ama croch\u00ea e deseja criar uma pe\u00e7a delicada, encantadora e perfeita para a P\u00e1scoa. Pensado para facilitar sua produ\u00e7\u00e3o, o kit cont\u00e9m os materiais essenciais para voc\u00ea confeccionar sua pr\u00f3pria coelhinha amigurumi com acabamento profissional. Uma \u00f3tima op\u00e7\u00e3o tanto para hobby quanto para quem deseja produzir para [&hellip;]<\/p>\n","protected":false},"featured_media":1452,"comment_status":"open","ping_status":"closed","template":"","meta":[],"product_brand":[],"product_cat":[15],"product_tag":[],"class_list":{"0":"post-1453","1":"product","2":"type-product","3":"status-publish","4":"has-post-thumbnail","6":"product_cat-uncategorized","8":"first","9":"instock","10":"taxable","11":"shipping-taxable","12":"purchasable","13":"product-type-simple"},"_links":{"self":[{"href":"https:\/\/www.fiosencantadosjf.com\/loja\/wp-json\/wp\/v2\/product\/1453","targetHints":{"allow":["GET"]}}],"collection":[{"href":"https:\/\/www.fiosencantadosjf.com\/loja\/wp-json\/wp\/v2\/product"}],"about":[{"href":"https:\/\/www.fiosencantadosjf.com\/loja\/wp-json\/wp\/v2\/types\/product"}],"replies":[{"embeddable":true,"href":"https:\/\/www.fiosencantadosjf.com\/loja\/wp-json\/wp\/v2\/comments?post=1453"}],"wp:featuredmedia":[{"embeddable":true,"href":"https:\/\/www.fiosencantadosjf.com\/loja\/wp-json\/wp\/v2\/media\/1452"}],"wp:attachment":[{"href":"https:\/\/www.fiosencantadosjf.com\/loja\/wp-json\/wp\/v2\/media?parent=1453"}],"wp:term":[{"taxonomy":"product_brand","embeddable":true,"href":"https:\/\/www.fiosencantadosjf.com\/loja\/wp-json\/wp\/v2\/product_brand?post=1453"},{"taxonomy":"product_cat","embeddable":true,"href":"https:\/\/www.fiosencantadosjf.com\/loja\/wp-json\/wp\/v2\/product_cat?post=1453"},{"taxonomy":"product_tag","embeddable":true,"href":"https:\/\/www.fiosencantadosjf.com\/loja\/wp-json\/wp\/v2\/product_tag?post=1453"}],"curies":[{"name":"wp","href":"https:\/\/api.w.org\/{rel}","templated":true}]}}