{"id":1445,"date":"2026-01-07T11:24:40","date_gmt":"2026-01-07T14:24:40","guid":{"rendered":"https:\/\/www.fiosencantadosjf.com\/loja\/product\/perfume-importado-miniatura-40ml\/"},"modified":"2026-01-07T11:24:40","modified_gmt":"2026-01-07T14:24:40","slug":"perfume-importado-miniatura-40ml","status":"publish","type":"product","link":"https:\/\/www.fiosencantadosjf.com\/loja\/product\/perfume-importado-miniatura-40ml\/","title":{"rendered":"Perfume importado miniatura 40ml"},"content":{"rendered":"<p>Good Girl Rosa Doce \u2013 O poder da do\u00e7ura<br \/>\nO Good Girl Rosa Doce \u00e9 a perfeita uni\u00e3o entre delicadeza e atitude. Um perfume feminino, envolvente e marcante, criado para mulheres que sabem equilibrar suavidade e intensidade em cada detalhe.<br \/>\nCom notas doces e florais irresist\u00edveis, ele desperta os sentidos logo na primeira borrifada, deixando um rastro elegante, sensual e inesquec\u00edvel. Ideal para quem ama fragr\u00e2ncias adocicadas, mas com personalidade.<br \/>\nO frasco ic\u00f4nico em formato de salto alto ganha um toque especial no degrad\u00ea rosa, simbolizando charme, feminilidade e poder.<br \/>\n\u2728 Perfeito para:<br \/>\nMulheres rom\u00e2nticas e confiantes<br \/>\nUso di\u00e1rio ou ocasi\u00f5es especiais<br \/>\nQuem ama perfumes doces e sofisticados<br \/>\n\ud83d\udc96 Good Girl Rosa Doce: seja doce, seja forte, seja voc\u00ea<\/p>\n","protected":false},"excerpt":{"rendered":"<p>Good Girl Rosa Doce \u2013 O poder da do\u00e7ura O Good Girl Rosa Doce \u00e9 a perfeita uni\u00e3o entre delicadeza e atitude. Um perfume feminino, envolvente e marcante, criado para mulheres que sabem equilibrar suavidade e intensidade em cada detalhe. Com notas doces e florais irresist\u00edveis, ele desperta os sentidos logo na primeira borrifada, deixando [&hellip;]<\/p>\n","protected":false},"featured_media":1443,"comment_status":"open","ping_status":"closed","template":"","meta":[],"product_brand":[],"product_cat":[15],"product_tag":[],"class_list":{"0":"post-1445","1":"product","2":"type-product","3":"status-publish","4":"has-post-thumbnail","6":"product_cat-uncategorized","8":"first","9":"instock","10":"taxable","11":"shipping-taxable","12":"purchasable","13":"product-type-simple"},"_links":{"self":[{"href":"https:\/\/www.fiosencantadosjf.com\/loja\/wp-json\/wp\/v2\/product\/1445","targetHints":{"allow":["GET"]}}],"collection":[{"href":"https:\/\/www.fiosencantadosjf.com\/loja\/wp-json\/wp\/v2\/product"}],"about":[{"href":"https:\/\/www.fiosencantadosjf.com\/loja\/wp-json\/wp\/v2\/types\/product"}],"replies":[{"embeddable":true,"href":"https:\/\/www.fiosencantadosjf.com\/loja\/wp-json\/wp\/v2\/comments?post=1445"}],"wp:featuredmedia":[{"embeddable":true,"href":"https:\/\/www.fiosencantadosjf.com\/loja\/wp-json\/wp\/v2\/media\/1443"}],"wp:attachment":[{"href":"https:\/\/www.fiosencantadosjf.com\/loja\/wp-json\/wp\/v2\/media?parent=1445"}],"wp:term":[{"taxonomy":"product_brand","embeddable":true,"href":"https:\/\/www.fiosencantadosjf.com\/loja\/wp-json\/wp\/v2\/product_brand?post=1445"},{"taxonomy":"product_cat","embeddable":true,"href":"https:\/\/www.fiosencantadosjf.com\/loja\/wp-json\/wp\/v2\/product_cat?post=1445"},{"taxonomy":"product_tag","embeddable":true,"href":"https:\/\/www.fiosencantadosjf.com\/loja\/wp-json\/wp\/v2\/product_tag?post=1445"}],"curies":[{"name":"wp","href":"https:\/\/api.w.org\/{rel}","templated":true}]}}