{"id":1442,"date":"2026-01-07T11:21:48","date_gmt":"2026-01-07T14:21:48","guid":{"rendered":"https:\/\/www.fiosencantadosjf.com\/loja\/product\/peca-unica-tons-azul\/"},"modified":"2026-01-07T11:21:48","modified_gmt":"2026-01-07T14:21:48","slug":"peca-unica-tons-azul","status":"publish","type":"product","link":"https:\/\/www.fiosencantadosjf.com\/loja\/product\/peca-unica-tons-azul\/","title":{"rendered":"PE\u00c7A \u00daNICA TONS AZUL"},"content":{"rendered":"<p>Bolsa Exclusiva em Tons de Azul<br \/>\nDelicada, moderna e cheia de personalidade.<br \/>\nEsta bolsa exclusiva combina tons de azul em um degrad\u00ea sofisticado que transmite eleg\u00e2ncia e frescor. Produzida artesanalmente, cada detalhe foi pensado para oferecer um acess\u00f3rio \u00fanico, perfeito para quem busca estilo sem abrir m\u00e3o da exclusividade.<br \/>\nSeu acabamento impec\u00e1vel, aliado \u00e0 al\u00e7a com corrente dourada, traz um toque de charme e versatilidade, ideal tanto para o dia quanto para a noite.<br \/>\nUma pe\u00e7a que valoriza o visual e se destaca em qualquer ocasi\u00e3o.<br \/>\n\u2728 Cor exclusiva \u2013 edi\u00e7\u00e3o limitada<br \/>\n\u2728 Design artesanal<br \/>\n\u2728 Estilo atemporal e elegante<br \/>\nPerfeita para mulheres que gostam de se destacar com autenticidade.<\/p>\n","protected":false},"excerpt":{"rendered":"<p>Bolsa Exclusiva em Tons de Azul Delicada, moderna e cheia de personalidade. Esta bolsa exclusiva combina tons de azul em um degrad\u00ea sofisticado que transmite eleg\u00e2ncia e frescor. Produzida artesanalmente, cada detalhe foi pensado para oferecer um acess\u00f3rio \u00fanico, perfeito para quem busca estilo sem abrir m\u00e3o da exclusividade. Seu acabamento impec\u00e1vel, aliado \u00e0 al\u00e7a [&hellip;]<\/p>\n","protected":false},"featured_media":1424,"comment_status":"open","ping_status":"closed","template":"","meta":[],"product_brand":[],"product_cat":[15],"product_tag":[],"class_list":{"0":"post-1442","1":"product","2":"type-product","3":"status-publish","4":"has-post-thumbnail","6":"product_cat-uncategorized","8":"first","9":"instock","10":"sale","11":"sold-individually","12":"taxable","13":"shipping-taxable","14":"purchasable","15":"product-type-simple"},"_links":{"self":[{"href":"https:\/\/www.fiosencantadosjf.com\/loja\/wp-json\/wp\/v2\/product\/1442","targetHints":{"allow":["GET"]}}],"collection":[{"href":"https:\/\/www.fiosencantadosjf.com\/loja\/wp-json\/wp\/v2\/product"}],"about":[{"href":"https:\/\/www.fiosencantadosjf.com\/loja\/wp-json\/wp\/v2\/types\/product"}],"replies":[{"embeddable":true,"href":"https:\/\/www.fiosencantadosjf.com\/loja\/wp-json\/wp\/v2\/comments?post=1442"}],"wp:featuredmedia":[{"embeddable":true,"href":"https:\/\/www.fiosencantadosjf.com\/loja\/wp-json\/wp\/v2\/media\/1424"}],"wp:attachment":[{"href":"https:\/\/www.fiosencantadosjf.com\/loja\/wp-json\/wp\/v2\/media?parent=1442"}],"wp:term":[{"taxonomy":"product_brand","embeddable":true,"href":"https:\/\/www.fiosencantadosjf.com\/loja\/wp-json\/wp\/v2\/product_brand?post=1442"},{"taxonomy":"product_cat","embeddable":true,"href":"https:\/\/www.fiosencantadosjf.com\/loja\/wp-json\/wp\/v2\/product_cat?post=1442"},{"taxonomy":"product_tag","embeddable":true,"href":"https:\/\/www.fiosencantadosjf.com\/loja\/wp-json\/wp\/v2\/product_tag?post=1442"}],"curies":[{"name":"wp","href":"https:\/\/api.w.org\/{rel}","templated":true}]}}