{"id":1342,"date":"2025-08-23T10:15:36","date_gmt":"2025-08-23T13:15:36","guid":{"rendered":"https:\/\/www.fiosencantadosjf.com\/loja\/?post_type=product&#038;p=1342"},"modified":"2025-08-23T10:17:57","modified_gmt":"2025-08-23T13:17:57","slug":"bolsa-ester-tamanho-m","status":"publish","type":"product","link":"https:\/\/www.fiosencantadosjf.com\/loja\/product\/bolsa-ester-tamanho-m\/","title":{"rendered":"Bolsa Ester \u2013 Tamanho M"},"content":{"rendered":"<p data-start=\"100\" data-end=\"400\">Eleg\u00e2ncia artesanal para compor seus melhores momentos!<br data-start=\"155\" data-end=\"158\" \/>A Bolsa Este no tamanho M \u00e9 feita \u00e0 m\u00e3o em fio de malha, trazendo autenticidade e sofistica\u00e7\u00e3o em cada detalhe. Seu design exclusivo combina textura marcante com aplica\u00e7\u00f5es delicadas de p\u00e9rolas, que acrescentam um toque refinado e feminino.<\/p>\n<p data-start=\"402\" data-end=\"617\">Na cor azul, \u00e9 vers\u00e1til e moderna, perfeita para complementar produ\u00e7\u00f5es casuais ou mais elegantes. Possui fechamento em metal dourado de alta qualidade e al\u00e7a estruturada que garante conforto e praticidade no uso.<\/p>\n<p data-start=\"619\" data-end=\"730\">\u2728 <strong data-start=\"621\" data-end=\"651\">Pe\u00e7a artesanal e exclusiva<\/strong><br data-start=\"651\" data-end=\"654\" \/>\u2728 <strong data-start=\"656\" data-end=\"694\">Acabamento sofisticado com p\u00e9rolas<\/strong><br data-start=\"694\" data-end=\"697\" \/>\u2728 <strong data-start=\"699\" data-end=\"728\">Design moderno e vers\u00e1til<\/strong><\/p>\n","protected":false},"excerpt":{"rendered":"<p>Eleg\u00e2ncia artesanal para compor seus melhores momentos!A Bolsa Este no tamanho M \u00e9 feita \u00e0 m\u00e3o em fio de malha, trazendo autenticidade e sofistica\u00e7\u00e3o em cada detalhe. Seu design exclusivo combina textura marcante com aplica\u00e7\u00f5es delicadas de p\u00e9rolas, que acrescentam um toque refinado e feminino. Na cor azul, \u00e9 vers\u00e1til e moderna, perfeita para complementar [&hellip;]<\/p>\n","protected":false},"featured_media":1343,"comment_status":"open","ping_status":"closed","template":"","meta":[],"product_brand":[],"product_cat":[17,23],"product_tag":[],"class_list":{"0":"post-1342","1":"product","2":"type-product","3":"status-publish","4":"has-post-thumbnail","6":"product_cat-bolsas","7":"product_cat-novidades","9":"first","10":"instock","11":"taxable","12":"shipping-taxable","13":"purchasable","14":"product-type-simple"},"_links":{"self":[{"href":"https:\/\/www.fiosencantadosjf.com\/loja\/wp-json\/wp\/v2\/product\/1342","targetHints":{"allow":["GET"]}}],"collection":[{"href":"https:\/\/www.fiosencantadosjf.com\/loja\/wp-json\/wp\/v2\/product"}],"about":[{"href":"https:\/\/www.fiosencantadosjf.com\/loja\/wp-json\/wp\/v2\/types\/product"}],"replies":[{"embeddable":true,"href":"https:\/\/www.fiosencantadosjf.com\/loja\/wp-json\/wp\/v2\/comments?post=1342"}],"wp:featuredmedia":[{"embeddable":true,"href":"https:\/\/www.fiosencantadosjf.com\/loja\/wp-json\/wp\/v2\/media\/1343"}],"wp:attachment":[{"href":"https:\/\/www.fiosencantadosjf.com\/loja\/wp-json\/wp\/v2\/media?parent=1342"}],"wp:term":[{"taxonomy":"product_brand","embeddable":true,"href":"https:\/\/www.fiosencantadosjf.com\/loja\/wp-json\/wp\/v2\/product_brand?post=1342"},{"taxonomy":"product_cat","embeddable":true,"href":"https:\/\/www.fiosencantadosjf.com\/loja\/wp-json\/wp\/v2\/product_cat?post=1342"},{"taxonomy":"product_tag","embeddable":true,"href":"https:\/\/www.fiosencantadosjf.com\/loja\/wp-json\/wp\/v2\/product_tag?post=1342"}],"curies":[{"name":"wp","href":"https:\/\/api.w.org\/{rel}","templated":true}]}}