{"id":1339,"date":"2025-08-23T10:11:23","date_gmt":"2025-08-23T13:11:23","guid":{"rendered":"https:\/\/www.fiosencantadosjf.com\/loja\/?post_type=product&#038;p=1339"},"modified":"2025-08-23T10:11:58","modified_gmt":"2025-08-23T13:11:58","slug":"bolsa-diasa-tam-p","status":"publish","type":"product","link":"https:\/\/www.fiosencantadosjf.com\/loja\/product\/bolsa-diasa-tam-p\/","title":{"rendered":"Bolsa Diasa \u2013 Tam P"},"content":{"rendered":"<h3 data-start=\"60\" data-end=\"95\"><\/h3>\n<p data-start=\"96\" data-end=\"394\">Autenticidade e eleg\u00e2ncia que transformam qualquer look!<br data-start=\"152\" data-end=\"155\" \/>A Bolsa Fran \u00e9 feita \u00e0 m\u00e3o em fio de malha, com um design moderno e sofisticado que valoriza o artesanato. Sua estrutura firme e acabamento impec\u00e1vel proporcionam durabilidade e estilo, tornando-a uma pe\u00e7a \u00fanica e cheia de personalidade.<\/p>\n<p data-start=\"396\" data-end=\"599\">Na cor vinho, transmite charme e sofistica\u00e7\u00e3o, perfeita para usar no dia a dia ou em ocasi\u00f5es especiais. O tamanho ideal permite carregar seus itens essenciais com praticidade, sem abrir m\u00e3o da beleza.<\/p>\n<p data-start=\"601\" data-end=\"684\">\u2728 <strong data-start=\"603\" data-end=\"625\">Produ\u00e7\u00e3o artesanal<\/strong><br data-start=\"625\" data-end=\"628\" \/>\u2728 <strong data-start=\"630\" data-end=\"648\">Pe\u00e7a exclusiva<\/strong><br data-start=\"648\" data-end=\"651\" \/>\u2728 <strong data-start=\"653\" data-end=\"682\">Design moderno e vers\u00e1til<\/strong><\/p>\n","protected":false},"excerpt":{"rendered":"<p>Autenticidade e eleg\u00e2ncia que transformam qualquer look!A Bolsa Fran \u00e9 feita \u00e0 m\u00e3o em fio de malha, com um design moderno e sofisticado que valoriza o artesanato. Sua estrutura firme e acabamento impec\u00e1vel proporcionam durabilidade e estilo, tornando-a uma pe\u00e7a \u00fanica e cheia de personalidade. Na cor vinho, transmite charme e sofistica\u00e7\u00e3o, perfeita para usar [&hellip;]<\/p>\n","protected":false},"featured_media":1341,"comment_status":"open","ping_status":"closed","template":"","meta":[],"product_brand":[],"product_cat":[17],"product_tag":[],"class_list":{"0":"post-1339","1":"product","2":"type-product","3":"status-publish","4":"has-post-thumbnail","6":"product_cat-bolsas","8":"first","9":"instock","10":"taxable","11":"shipping-taxable","12":"purchasable","13":"product-type-simple"},"_links":{"self":[{"href":"https:\/\/www.fiosencantadosjf.com\/loja\/wp-json\/wp\/v2\/product\/1339","targetHints":{"allow":["GET"]}}],"collection":[{"href":"https:\/\/www.fiosencantadosjf.com\/loja\/wp-json\/wp\/v2\/product"}],"about":[{"href":"https:\/\/www.fiosencantadosjf.com\/loja\/wp-json\/wp\/v2\/types\/product"}],"replies":[{"embeddable":true,"href":"https:\/\/www.fiosencantadosjf.com\/loja\/wp-json\/wp\/v2\/comments?post=1339"}],"wp:featuredmedia":[{"embeddable":true,"href":"https:\/\/www.fiosencantadosjf.com\/loja\/wp-json\/wp\/v2\/media\/1341"}],"wp:attachment":[{"href":"https:\/\/www.fiosencantadosjf.com\/loja\/wp-json\/wp\/v2\/media?parent=1339"}],"wp:term":[{"taxonomy":"product_brand","embeddable":true,"href":"https:\/\/www.fiosencantadosjf.com\/loja\/wp-json\/wp\/v2\/product_brand?post=1339"},{"taxonomy":"product_cat","embeddable":true,"href":"https:\/\/www.fiosencantadosjf.com\/loja\/wp-json\/wp\/v2\/product_cat?post=1339"},{"taxonomy":"product_tag","embeddable":true,"href":"https:\/\/www.fiosencantadosjf.com\/loja\/wp-json\/wp\/v2\/product_tag?post=1339"}],"curies":[{"name":"wp","href":"https:\/\/api.w.org\/{rel}","templated":true}]}}