{"id":1325,"date":"2025-08-20T18:21:13","date_gmt":"2025-08-20T21:21:13","guid":{"rendered":"https:\/\/www.fiosencantadosjf.com\/loja\/?post_type=product&#038;p=1325"},"modified":"2025-08-20T18:21:13","modified_gmt":"2025-08-20T21:21:13","slug":"bolsa-greice-tam-g","status":"publish","type":"product","link":"https:\/\/www.fiosencantadosjf.com\/loja\/product\/bolsa-greice-tam-g\/","title":{"rendered":"Bolsa GREICE  Tam G"},"content":{"rendered":"<p>Bolsa Greice \u2013 Tamanho G (Pe\u00e7a \u00danica)<br \/>\nSe voc\u00ea est\u00e1 em busca de uma pe\u00e7a \u00fanica que una estilo e versatilidade, conhe\u00e7a a incr\u00edvel Bolsa Greice! Feita \u00e0 m\u00e3o em croch\u00ea, esta bolsa verde musgo \u00e9 mais do que um acess\u00f3rio; \u00e9 uma verdadeira declara\u00e7\u00e3o de moda.<\/p>\n<p>O destaque fica por conta do charmoso detalhe da cabe\u00e7a de le\u00e3o, que traz personalidade e eleg\u00e2ncia ao seu visual. Imagine-se desfilando com essa bolsa, atraindo olhares admirados por onde passar! Seu tamanho G \u00e9 perfeito para acomodar tudo o que voc\u00ea precisa, sem abrir m\u00e3o da sofistica\u00e7\u00e3o.<\/p>\n<p>Ideal para diversas ocasi\u00f5es, a Bolsa Greice complementa qualquer look, seja para um passeio descontra\u00eddo no parque ou uma reuni\u00e3o especial. A combina\u00e7\u00e3o do verde musgo com o design artesanal transmite um ar contempor\u00e2neo e acolhedor, perfeito para quem valoriza a autenticidade.<\/p>\n","protected":false},"excerpt":{"rendered":"<p>Bolsa Greice \u2013 Tamanho G (Pe\u00e7a \u00danica) Se voc\u00ea est\u00e1 em busca de uma pe\u00e7a \u00fanica que una estilo e versatilidade, conhe\u00e7a a incr\u00edvel Bolsa Greice! Feita \u00e0 m\u00e3o em croch\u00ea, esta bolsa verde musgo \u00e9 mais do que um acess\u00f3rio; \u00e9 uma verdadeira declara\u00e7\u00e3o de moda. O destaque fica por conta do charmoso detalhe [&hellip;]<\/p>\n","protected":false},"featured_media":1326,"comment_status":"open","ping_status":"closed","template":"","meta":[],"product_brand":[],"product_cat":[15],"product_tag":[],"class_list":{"0":"post-1325","1":"product","2":"type-product","3":"status-publish","4":"has-post-thumbnail","6":"product_cat-uncategorized","8":"first","9":"instock","10":"taxable","11":"shipping-taxable","12":"purchasable","13":"product-type-simple"},"_links":{"self":[{"href":"https:\/\/www.fiosencantadosjf.com\/loja\/wp-json\/wp\/v2\/product\/1325","targetHints":{"allow":["GET"]}}],"collection":[{"href":"https:\/\/www.fiosencantadosjf.com\/loja\/wp-json\/wp\/v2\/product"}],"about":[{"href":"https:\/\/www.fiosencantadosjf.com\/loja\/wp-json\/wp\/v2\/types\/product"}],"replies":[{"embeddable":true,"href":"https:\/\/www.fiosencantadosjf.com\/loja\/wp-json\/wp\/v2\/comments?post=1325"}],"wp:featuredmedia":[{"embeddable":true,"href":"https:\/\/www.fiosencantadosjf.com\/loja\/wp-json\/wp\/v2\/media\/1326"}],"wp:attachment":[{"href":"https:\/\/www.fiosencantadosjf.com\/loja\/wp-json\/wp\/v2\/media?parent=1325"}],"wp:term":[{"taxonomy":"product_brand","embeddable":true,"href":"https:\/\/www.fiosencantadosjf.com\/loja\/wp-json\/wp\/v2\/product_brand?post=1325"},{"taxonomy":"product_cat","embeddable":true,"href":"https:\/\/www.fiosencantadosjf.com\/loja\/wp-json\/wp\/v2\/product_cat?post=1325"},{"taxonomy":"product_tag","embeddable":true,"href":"https:\/\/www.fiosencantadosjf.com\/loja\/wp-json\/wp\/v2\/product_tag?post=1325"}],"curies":[{"name":"wp","href":"https:\/\/api.w.org\/{rel}","templated":true}]}}