{"id":1322,"date":"2025-08-20T16:33:52","date_gmt":"2025-08-20T19:33:52","guid":{"rendered":"https:\/\/www.fiosencantadosjf.com\/loja\/?post_type=product&#038;p=1322"},"modified":"2025-08-20T16:33:52","modified_gmt":"2025-08-20T19:33:52","slug":"bolsa-ana-tamanho-m-peca-unica","status":"publish","type":"product","link":"https:\/\/www.fiosencantadosjf.com\/loja\/product\/bolsa-ana-tamanho-m-peca-unica\/","title":{"rendered":"Bolsa Ana \u2013 Tamanho M (Pe\u00e7a \u00danica)"},"content":{"rendered":"<p data-start=\"63\" data-end=\"103\"><strong data-start=\"63\" data-end=\"101\">Bolsa Ana \u2013 Tamanho M (Pe\u00e7a \u00danica) TRICOLOR<\/strong><\/p>\n<p data-start=\"105\" data-end=\"427\">Exclusividade e charme em cada detalhe!<br data-start=\"144\" data-end=\"147\" \/>A Bolsa\u00a0<strong data-start=\"155\" data-end=\"162\">Ana<\/strong> no tamanho M \u00e9 uma pe\u00e7a \u00fanica, feita \u00e0 m\u00e3o com fios de alta qualidade, unindo delicadeza e bom gosto Seu design artesanal e atemporal tom tricolor traz sofistica\u00e7\u00e3o e versatilidade, perfeita para compor desde looks casuais.<\/p>\n<p data-start=\"429\" data-end=\"629\">Com al\u00e7a estruturada \u00e9 ideal para quem busca estilo aliado \u00e0 praticidade.<br data-start=\"523\" data-end=\"526\" \/>Um acess\u00f3rio \u00fanico, pensado para mulheres que valorizam o feito \u00e0 m\u00e3o e a exclusividade em cada pe\u00e7a.<\/p>\n<p data-start=\"631\" data-end=\"669\"><img decoding=\"async\" class=\"emoji\" role=\"img\" src=\"https:\/\/s.w.org\/images\/core\/emoji\/16.0.1\/svg\/2728.svg\" alt=\"\u2728\" \/>\u00a0<strong data-start=\"633\" data-end=\"667\">Pe\u00e7a \u00fanica \u2013 adquira j\u00e1 a sua!<\/strong><\/p>\n","protected":false},"excerpt":{"rendered":"<p>Bolsa Ana \u2013 Tamanho M (Pe\u00e7a \u00danica) TRICOLOR Exclusividade e charme em cada detalhe!A Bolsa\u00a0Ana no tamanho M \u00e9 uma pe\u00e7a \u00fanica, feita \u00e0 m\u00e3o com fios de alta qualidade, unindo delicadeza e bom gosto Seu design artesanal e atemporal tom tricolor traz sofistica\u00e7\u00e3o e versatilidade, perfeita para compor desde looks casuais. Com al\u00e7a estruturada [&hellip;]<\/p>\n","protected":false},"featured_media":1323,"comment_status":"open","ping_status":"closed","template":"","meta":[],"product_brand":[],"product_cat":[17],"product_tag":[],"class_list":{"0":"post-1322","1":"product","2":"type-product","3":"status-publish","4":"has-post-thumbnail","6":"product_cat-bolsas","8":"first","9":"instock","10":"taxable","11":"shipping-taxable","12":"purchasable","13":"product-type-simple"},"_links":{"self":[{"href":"https:\/\/www.fiosencantadosjf.com\/loja\/wp-json\/wp\/v2\/product\/1322","targetHints":{"allow":["GET"]}}],"collection":[{"href":"https:\/\/www.fiosencantadosjf.com\/loja\/wp-json\/wp\/v2\/product"}],"about":[{"href":"https:\/\/www.fiosencantadosjf.com\/loja\/wp-json\/wp\/v2\/types\/product"}],"replies":[{"embeddable":true,"href":"https:\/\/www.fiosencantadosjf.com\/loja\/wp-json\/wp\/v2\/comments?post=1322"}],"wp:featuredmedia":[{"embeddable":true,"href":"https:\/\/www.fiosencantadosjf.com\/loja\/wp-json\/wp\/v2\/media\/1323"}],"wp:attachment":[{"href":"https:\/\/www.fiosencantadosjf.com\/loja\/wp-json\/wp\/v2\/media?parent=1322"}],"wp:term":[{"taxonomy":"product_brand","embeddable":true,"href":"https:\/\/www.fiosencantadosjf.com\/loja\/wp-json\/wp\/v2\/product_brand?post=1322"},{"taxonomy":"product_cat","embeddable":true,"href":"https:\/\/www.fiosencantadosjf.com\/loja\/wp-json\/wp\/v2\/product_cat?post=1322"},{"taxonomy":"product_tag","embeddable":true,"href":"https:\/\/www.fiosencantadosjf.com\/loja\/wp-json\/wp\/v2\/product_tag?post=1322"}],"curies":[{"name":"wp","href":"https:\/\/api.w.org\/{rel}","templated":true}]}}