{"id":1318,"date":"2025-08-20T16:19:45","date_gmt":"2025-08-20T19:19:45","guid":{"rendered":"https:\/\/www.fiosencantadosjf.com\/loja\/?post_type=product&#038;p=1318"},"modified":"2025-08-20T16:23:53","modified_gmt":"2025-08-20T19:23:53","slug":"ana-tam-p","status":"publish","type":"product","link":"https:\/\/www.fiosencantadosjf.com\/loja\/product\/ana-tam-p\/","title":{"rendered":"Bolsa Ana \u2013 Tamanho P (Pe\u00e7a \u00danica)"},"content":{"rendered":"<p><img fetchpriority=\"high\" decoding=\"async\" class=\"alignnone size-medium wp-image-1319\" src=\"https:\/\/www.fiosencantadosjf.com\/loja\/wp-content\/uploads\/2025\/08\/520623f0-965e-4493-86ec-72e85e648997-225x300.jpeg\" alt=\"\" width=\"225\" height=\"300\" srcset=\"https:\/\/www.fiosencantadosjf.com\/loja\/wp-content\/uploads\/2025\/08\/520623f0-965e-4493-86ec-72e85e648997-225x300.jpeg 225w, https:\/\/www.fiosencantadosjf.com\/loja\/wp-content\/uploads\/2025\/08\/520623f0-965e-4493-86ec-72e85e648997-768x1024.jpeg 768w, https:\/\/www.fiosencantadosjf.com\/loja\/wp-content\/uploads\/2025\/08\/520623f0-965e-4493-86ec-72e85e648997-1152x1536.jpeg 1152w, https:\/\/www.fiosencantadosjf.com\/loja\/wp-content\/uploads\/2025\/08\/520623f0-965e-4493-86ec-72e85e648997-600x800.jpeg 600w, https:\/\/www.fiosencantadosjf.com\/loja\/wp-content\/uploads\/2025\/08\/520623f0-965e-4493-86ec-72e85e648997-64x85.jpeg 64w, https:\/\/www.fiosencantadosjf.com\/loja\/wp-content\/uploads\/2025\/08\/520623f0-965e-4493-86ec-72e85e648997.jpeg 1200w\" sizes=\"(max-width: 225px) 100vw, 225px\" \/><\/p>\n<p data-start=\"63\" data-end=\"103\"><strong data-start=\"63\" data-end=\"101\">Bolsa Ana \u2013 Tamanho P (Pe\u00e7a \u00danica)<\/strong><\/p>\n<p data-start=\"105\" data-end=\"427\">Exclusividade e charme em cada detalhe!<br data-start=\"144\" data-end=\"147\" \/>A Bolsa <strong data-start=\"155\" data-end=\"162\">Ana<\/strong> no tamanho P \u00e9 uma pe\u00e7a \u00fanica, feita \u00e0 m\u00e3o com fios de alta qualidade, unindo delicadeza e resist\u00eancia. Seu design artesanal e atemporal em tom azul marinho traz sofistica\u00e7\u00e3o e versatilidade, perfeita para compor desde looks casuais at\u00e9 produ\u00e7\u00f5es mais elegantes.<\/p>\n<p data-start=\"429\" data-end=\"629\">Com al\u00e7a estruturada e fechamento seguro, \u00e9 ideal para quem busca estilo aliado \u00e0 praticidade.<br data-start=\"523\" data-end=\"526\" \/>Um acess\u00f3rio \u00fanico, pensado para mulheres que valorizam o feito \u00e0 m\u00e3o e a exclusividade em cada pe\u00e7a.<\/p>\n<p data-start=\"631\" data-end=\"669\">\u2728 <strong data-start=\"633\" data-end=\"667\">Pe\u00e7a \u00fanica \u2013 adquira j\u00e1 a sua!<\/strong><\/p>\n","protected":false},"excerpt":{"rendered":"<p>Bolsa Ana \u2013 Tamanho P (Pe\u00e7a \u00danica) Exclusividade e charme em cada detalhe!A Bolsa Ana no tamanho P \u00e9 uma pe\u00e7a \u00fanica, feita \u00e0 m\u00e3o com fios de alta qualidade, unindo delicadeza e resist\u00eancia. Seu design artesanal e atemporal em tom azul marinho traz sofistica\u00e7\u00e3o e versatilidade, perfeita para compor desde looks casuais at\u00e9 produ\u00e7\u00f5es [&hellip;]<\/p>\n","protected":false},"featured_media":1321,"comment_status":"open","ping_status":"closed","template":"","meta":[],"product_brand":[],"product_cat":[17],"product_tag":[],"class_list":{"0":"post-1318","1":"product","2":"type-product","3":"status-publish","4":"has-post-thumbnail","6":"product_cat-bolsas","8":"first","9":"instock","10":"taxable","11":"shipping-taxable","12":"purchasable","13":"product-type-simple"},"_links":{"self":[{"href":"https:\/\/www.fiosencantadosjf.com\/loja\/wp-json\/wp\/v2\/product\/1318","targetHints":{"allow":["GET"]}}],"collection":[{"href":"https:\/\/www.fiosencantadosjf.com\/loja\/wp-json\/wp\/v2\/product"}],"about":[{"href":"https:\/\/www.fiosencantadosjf.com\/loja\/wp-json\/wp\/v2\/types\/product"}],"replies":[{"embeddable":true,"href":"https:\/\/www.fiosencantadosjf.com\/loja\/wp-json\/wp\/v2\/comments?post=1318"}],"wp:featuredmedia":[{"embeddable":true,"href":"https:\/\/www.fiosencantadosjf.com\/loja\/wp-json\/wp\/v2\/media\/1321"}],"wp:attachment":[{"href":"https:\/\/www.fiosencantadosjf.com\/loja\/wp-json\/wp\/v2\/media?parent=1318"}],"wp:term":[{"taxonomy":"product_brand","embeddable":true,"href":"https:\/\/www.fiosencantadosjf.com\/loja\/wp-json\/wp\/v2\/product_brand?post=1318"},{"taxonomy":"product_cat","embeddable":true,"href":"https:\/\/www.fiosencantadosjf.com\/loja\/wp-json\/wp\/v2\/product_cat?post=1318"},{"taxonomy":"product_tag","embeddable":true,"href":"https:\/\/www.fiosencantadosjf.com\/loja\/wp-json\/wp\/v2\/product_tag?post=1318"}],"curies":[{"name":"wp","href":"https:\/\/api.w.org\/{rel}","templated":true}]}}