{"id":96,"date":"2025-08-05T16:31:27","date_gmt":"2025-08-05T19:31:27","guid":{"rendered":"https:\/\/www.fiosencantadosjf.com\/loja\/?page_id=96"},"modified":"2025-08-15T12:03:59","modified_gmt":"2025-08-15T15:03:59","slug":"sobre","status":"publish","type":"page","link":"https:\/\/www.fiosencantadosjf.com\/loja\/sobre\/","title":{"rendered":"Sobre"},"content":{"rendered":"\t\t<div data-elementor-type=\"wp-page\" data-elementor-id=\"96\" class=\"elementor elementor-96\" data-elementor-post-type=\"page\">\n\t\t\t\t<div class=\"elementor-element elementor-element-78f3ae98 e-con-full e-flex e-con e-parent\" data-id=\"78f3ae98\" data-element_type=\"container\" data-e-type=\"container\" data-settings=\"{&quot;background_background&quot;:&quot;classic&quot;}\">\n\t\t<div class=\"elementor-element elementor-element-3d093ce e-con-full e-flex e-con e-child\" data-id=\"3d093ce\" data-element_type=\"container\" data-e-type=\"container\">\n\t\t\t\t<div class=\"elementor-element elementor-element-e30607a elementor-widget elementor-widget-heading\" data-id=\"e30607a\" data-element_type=\"widget\" data-e-type=\"widget\" data-widget_type=\"heading.default\">\n\t\t\t\t\t<h2 class=\"elementor-heading-title elementor-size-default\">Quem Somos<\/h2>\t\t\t\t<\/div>\n\t\t\t\t<div class=\"elementor-element elementor-element-1c3fa1a8 elementor-widget__width-initial elementor-widget-mobile__width-initial elementor-widget elementor-widget-text-editor\" data-id=\"1c3fa1a8\" data-element_type=\"widget\" data-e-type=\"widget\" data-widget_type=\"text-editor.default\">\n\t\t\t\t\t\t\t\t\t<p class=\"ds-markdown-paragraph\"><span style=\"word-spacing: 0em;\">Somos uma marca apaixonada por artesanato e moda sustent\u00e1vel, dedicada a criar bolsas \u00fanicas e cheias de personalidade, feitas artesanalmente em croch\u00ea. Cada pe\u00e7a \u00e9 cuidadosamente elaborada por m\u00e3os talentosas, garantindo qualidade, durabilidade e um toque especial que s\u00f3 o trabalho manual pode oferecer. Nosso objetivo \u00e9 unir estilo e consci\u00eancia ambiental, oferecendo acess\u00f3rios que contam hist\u00f3rias e valorizam a arte tradicional.<\/span><\/p><p class=\"ds-markdown-paragraph\"><strong>Miss\u00e3o<\/strong><br \/>Criar bolsas artesanais em croch\u00ea que combinem moda, autenticidade e sustentabilidade, proporcionando pe\u00e7as exclusivas que celebrem a arte manual e o consumo consciente.<\/p><p class=\"ds-markdown-paragraph\"><strong>Vis\u00e3o<\/strong><br \/>Ser reconhecida como refer\u00eancia em moda artesanal, inspirando um estilo de vida mais criativo e sustent\u00e1vel, enquanto valorizamos o trabalho de artes\u00e3os e a preserva\u00e7\u00e3o de t\u00e9cnicas manuais.<\/p><p class=\"ds-markdown-paragraph\"><strong>Valores<\/strong><\/p><ul><li><p class=\"ds-markdown-paragraph\"><strong>Autenticidade:<\/strong>\u00a0Cada pe\u00e7a \u00e9 \u00fanica, feita com amor e dedica\u00e7\u00e3o.<\/p><\/li><li><p class=\"ds-markdown-paragraph\"><strong>Sustentabilidade:<\/strong>\u00a0Priorizamos materiais ecol\u00f3gicos e processos conscientes.<\/p><\/li><li><p class=\"ds-markdown-paragraph\"><strong>Artesanato de qualidade:<\/strong>\u00a0Valorizamos o trabalho manual e a tradi\u00e7\u00e3o do croch\u00ea.<\/p><\/li><li><p class=\"ds-markdown-paragraph\"><strong>Conex\u00e3o com o cliente:<\/strong>\u00a0Queremos que voc\u00ea se sinta especial, carregando uma bolsa feita exclusivamente para voc\u00ea.<\/p><\/li><\/ul><p class=\"ds-markdown-paragraph\">Aqui, cada ponto de croch\u00ea \u00e9 um carinho transformado em moda! <img decoding=\"async\" class=\"emoji\" role=\"img\" draggable=\"false\" src=\"https:\/\/s.w.org\/images\/core\/emoji\/16.0.1\/svg\/1f49a.svg\" alt=\"\ud83d\udc9a\" \/><\/p>\t\t\t\t\t\t\t\t<\/div>\n\t\t\t\t<\/div>\n\t\t\t\t<\/div>\n\t\t<div class=\"elementor-element elementor-element-8ac7fbf e-flex e-con-boxed e-con e-parent\" data-id=\"8ac7fbf\" data-element_type=\"container\" data-e-type=\"container\">\n\t\t\t\t\t<div class=\"e-con-inner\">\n\t\t\t\t<div class=\"elementor-element elementor-element-3ee0689 elementor-widget__width-initial elementor-fixed elementor-hidden-mobile elementor-shape-rounded elementor-grid-0 e-grid-align-center elementor-widget elementor-widget-social-icons\" data-id=\"3ee0689\" data-element_type=\"widget\" data-e-type=\"widget\" data-settings=\"{&quot;_position&quot;:&quot;fixed&quot;}\" data-widget_type=\"social-icons.default\">\n\t\t\t\t\t\t\t<div class=\"elementor-social-icons-wrapper elementor-grid\" role=\"list\">\n\t\t\t\t\t\t\t<span class=\"elementor-grid-item\" role=\"listitem\">\n\t\t\t\t\t<a class=\"elementor-icon elementor-social-icon elementor-social-icon-whatsapp elementor-animation-pulse elementor-repeater-item-e8d95ab\" href=\"https:\/\/wa.me\/5551986101010\" target=\"_blank\">\n\t\t\t\t\t\t<span class=\"elementor-screen-only\">Whatsapp<\/span>\n\t\t\t\t\t\t<svg aria-hidden=\"true\" class=\"e-font-icon-svg e-fab-whatsapp\" viewBox=\"0 0 448 512\" xmlns=\"http:\/\/www.w3.org\/2000\/svg\"><path d=\"M380.9 97.1C339 55.1 283.2 32 223.9 32c-122.4 0-222 99.6-222 222 0 39.1 10.2 77.3 29.6 111L0 480l117.7-30.9c32.4 17.7 68.9 27 106.1 27h.1c122.3 0 224.1-99.6 224.1-222 0-59.3-25.2-115-67.1-157zm-157 341.6c-33.2 0-65.7-8.9-94-25.7l-6.7-4-69.8 18.3L72 359.2l-4.4-7c-18.5-29.4-28.2-63.3-28.2-98.2 0-101.7 82.8-184.5 184.6-184.5 49.3 0 95.6 19.2 130.4 54.1 34.8 34.9 56.2 81.2 56.1 130.5 0 101.8-84.9 184.6-186.6 184.6zm101.2-138.2c-5.5-2.8-32.8-16.2-37.9-18-5.1-1.9-8.8-2.8-12.5 2.8-3.7 5.6-14.3 18-17.6 21.8-3.2 3.7-6.5 4.2-12 1.4-32.6-16.3-54-29.1-75.5-66-5.7-9.8 5.7-9.1 16.3-30.3 1.8-3.7.9-6.9-.5-9.7-1.4-2.8-12.5-30.1-17.1-41.2-4.5-10.8-9.1-9.3-12.5-9.5-3.2-.2-6.9-.2-10.6-.2-3.7 0-9.7 1.4-14.8 6.9-5.1 5.6-19.4 19-19.4 46.3 0 27.3 19.9 53.7 22.6 57.4 2.8 3.7 39.1 59.7 94.8 83.8 35.2 15.2 49 16.5 66.6 13.9 10.7-1.6 32.8-13.4 37.4-26.4 4.6-13 4.6-24.1 3.2-26.4-1.3-2.5-5-3.9-10.5-6.6z\"><\/path><\/svg>\t\t\t\t\t<\/a>\n\t\t\t\t<\/span>\n\t\t\t\t\t\t\t<span class=\"elementor-grid-item\" role=\"listitem\">\n\t\t\t\t\t<a class=\"elementor-icon elementor-social-icon elementor-social-icon-instagram elementor-animation-pulse elementor-repeater-item-6fceb9a\" href=\"https:\/\/www.instagram.com\/fiosencantadosjf\/\" target=\"_blank\">\n\t\t\t\t\t\t<span class=\"elementor-screen-only\">Instagram<\/span>\n\t\t\t\t\t\t<svg aria-hidden=\"true\" class=\"e-font-icon-svg e-fab-instagram\" viewBox=\"0 0 448 512\" xmlns=\"http:\/\/www.w3.org\/2000\/svg\"><path d=\"M224.1 141c-63.6 0-114.9 51.3-114.9 114.9s51.3 114.9 114.9 114.9S339 319.5 339 255.9 287.7 141 224.1 141zm0 189.6c-41.1 0-74.7-33.5-74.7-74.7s33.5-74.7 74.7-74.7 74.7 33.5 74.7 74.7-33.6 74.7-74.7 74.7zm146.4-194.3c0 14.9-12 26.8-26.8 26.8-14.9 0-26.8-12-26.8-26.8s12-26.8 26.8-26.8 26.8 12 26.8 26.8zm76.1 27.2c-1.7-35.9-9.9-67.7-36.2-93.9-26.2-26.2-58-34.4-93.9-36.2-37-2.1-147.9-2.1-184.9 0-35.8 1.7-67.6 9.9-93.9 36.1s-34.4 58-36.2 93.9c-2.1 37-2.1 147.9 0 184.9 1.7 35.9 9.9 67.7 36.2 93.9s58 34.4 93.9 36.2c37 2.1 147.9 2.1 184.9 0 35.9-1.7 67.7-9.9 93.9-36.2 26.2-26.2 34.4-58 36.2-93.9 2.1-37 2.1-147.8 0-184.8zM398.8 388c-7.8 19.6-22.9 34.7-42.6 42.6-29.5 11.7-99.5 9-132.1 9s-102.7 2.6-132.1-9c-19.6-7.8-34.7-22.9-42.6-42.6-11.7-29.5-9-99.5-9-132.1s-2.6-102.7 9-132.1c7.8-19.6 22.9-34.7 42.6-42.6 29.5-11.7 99.5-9 132.1-9s102.7-2.6 132.1 9c19.6 7.8 34.7 22.9 42.6 42.6 11.7 29.5 9 99.5 9 132.1s2.7 102.7-9 132.1z\"><\/path><\/svg>\t\t\t\t\t<\/a>\n\t\t\t\t<\/span>\n\t\t\t\t\t\t\t<span class=\"elementor-grid-item\" role=\"listitem\">\n\t\t\t\t\t<a class=\"elementor-icon elementor-social-icon elementor-social-icon-facebook elementor-animation-pulse elementor-repeater-item-102bbba\" href=\"https:\/\/www.facebook.com\/people\/Fios-Encantados\/pfbid02mdTG6mc8VJ9AKC7CB8LH5VGx8Wm2Vt9kmNo1MjFGf1V5aQeeV8ExifovYNu3AkZvl\/?mibextid=wwXIfr&#038;rdid=DUhH6xHgqTO5MCLU&#038;share_url=https%3A%2F%2Fwww.facebook.com%2Fshare%2F19LGQHjYdA%2F%3Fmibextid%3DwwXIfr\" target=\"_blank\">\n\t\t\t\t\t\t<span class=\"elementor-screen-only\">Facebook<\/span>\n\t\t\t\t\t\t<svg aria-hidden=\"true\" class=\"e-font-icon-svg e-fab-facebook\" viewBox=\"0 0 512 512\" xmlns=\"http:\/\/www.w3.org\/2000\/svg\"><path d=\"M504 256C504 119 393 8 256 8S8 119 8 256c0 123.78 90.69 226.38 209.25 245V327.69h-63V256h63v-54.64c0-62.15 37-96.48 93.67-96.48 27.14 0 55.52 4.84 55.52 4.84v61h-31.28c-30.8 0-40.41 19.12-40.41 38.73V256h68.78l-11 71.69h-57.78V501C413.31 482.38 504 379.78 504 256z\"><\/path><\/svg>\t\t\t\t\t<\/a>\n\t\t\t\t<\/span>\n\t\t\t\t\t<\/div>\n\t\t\t\t\t\t<\/div>\n\t\t\t\t\t<\/div>\n\t\t\t\t<\/div>\n\t\t\t\t<\/div>\n\t\t","protected":false},"excerpt":{"rendered":"<p>Quem Somos Somos uma marca apaixonada por artesanato e moda sustent\u00e1vel, dedicada a criar bolsas \u00fanicas e cheias de personalidade, feitas artesanalmente em croch\u00ea. Cada pe\u00e7a \u00e9 cuidadosamente elaborada por m\u00e3os talentosas, garantindo qualidade, durabilidade e um toque especial que s\u00f3 o trabalho manual pode oferecer. Nosso objetivo \u00e9 unir estilo e consci\u00eancia ambiental, oferecendo [&hellip;]<\/p>\n","protected":false},"author":6,"featured_media":0,"parent":0,"menu_order":0,"comment_status":"closed","ping_status":"closed","template":"","meta":{"footnotes":""},"class_list":["post-96","page","type-page","status-publish","hentry"],"_links":{"self":[{"href":"https:\/\/www.fiosencantadosjf.com\/loja\/wp-json\/wp\/v2\/pages\/96","targetHints":{"allow":["GET"]}}],"collection":[{"href":"https:\/\/www.fiosencantadosjf.com\/loja\/wp-json\/wp\/v2\/pages"}],"about":[{"href":"https:\/\/www.fiosencantadosjf.com\/loja\/wp-json\/wp\/v2\/types\/page"}],"author":[{"embeddable":true,"href":"https:\/\/www.fiosencantadosjf.com\/loja\/wp-json\/wp\/v2\/users\/6"}],"replies":[{"embeddable":true,"href":"https:\/\/www.fiosencantadosjf.com\/loja\/wp-json\/wp\/v2\/comments?post=96"}],"version-history":[{"count":64,"href":"https:\/\/www.fiosencantadosjf.com\/loja\/wp-json\/wp\/v2\/pages\/96\/revisions"}],"predecessor-version":[{"id":1286,"href":"https:\/\/www.fiosencantadosjf.com\/loja\/wp-json\/wp\/v2\/pages\/96\/revisions\/1286"}],"wp:attachment":[{"href":"https:\/\/www.fiosencantadosjf.com\/loja\/wp-json\/wp\/v2\/media?parent=96"}],"curies":[{"name":"wp","href":"https:\/\/api.w.org\/{rel}","templated":true}]}}