{"id":308,"date":"2025-08-08T00:59:17","date_gmt":"2025-08-08T03:59:17","guid":{"rendered":"https:\/\/www.fiosencantadosjf.com\/loja\/?page_id=308"},"modified":"2025-08-15T12:04:46","modified_gmt":"2025-08-15T15:04:46","slug":"novidades","status":"publish","type":"page","link":"https:\/\/www.fiosencantadosjf.com\/loja\/novidades\/","title":{"rendered":"Novidades"},"content":{"rendered":"\t\t<div data-elementor-type=\"wp-page\" data-elementor-id=\"308\" class=\"elementor elementor-308\" data-elementor-post-type=\"page\">\n\t\t\t\t<div class=\"elementor-element elementor-element-e14b854 e-flex e-con-boxed e-con e-parent\" data-id=\"e14b854\" data-element_type=\"container\" data-e-type=\"container\">\n\t\t\t\t\t<div class=\"e-con-inner\">\n\t\t\t\t<div class=\"elementor-element elementor-element-0785354 elementor-widget elementor-widget-heading\" data-id=\"0785354\" data-element_type=\"widget\" data-e-type=\"widget\" data-widget_type=\"heading.default\">\n\t\t\t\t\t<h2 class=\"elementor-heading-title elementor-size-default\">Novidades<\/h2>\t\t\t\t<\/div>\n\t\t\t\t\t<\/div>\n\t\t\t\t<\/div>\n\t\t<div class=\"elementor-element elementor-element-af83ac2 e-flex e-con-boxed e-con e-parent\" data-id=\"af83ac2\" data-element_type=\"container\" data-e-type=\"container\">\n\t\t\t\t\t<div class=\"e-con-inner\">\n\t\t\t\t<div class=\"elementor-element elementor-element-5470aa4 elementor-grid-4 elementor-grid-tablet-3 elementor-grid-mobile-2 elementor-products-grid elementor-wc-products elementor-show-pagination-border-yes elementor-widget elementor-widget-woocommerce-products\" data-id=\"5470aa4\" data-element_type=\"widget\" data-e-type=\"widget\" data-widget_type=\"woocommerce-products.default\">\n\t\t\t\t<div class=\"elementor-widget-container\">\n\t\t\t\t\t<div class=\"woocommerce columns-4 \"><div class=\"woocommerce-notices-wrapper\"><\/div><form class=\"woocommerce-ordering\" method=\"get\">\n\t\t<select\n\t\tname=\"orderby\"\n\t\tclass=\"orderby\"\n\t\t\t\t\taria-label=\"Pedido da loja\"\n\t\t\t>\n\t\t\t\t\t<option value=\"menu_order\"  selected='selected'>Ordena\u00e7\u00e3o padr\u00e3o<\/option>\n\t\t\t\t\t<option value=\"popularity\" >Ordenar por popularidade<\/option>\n\t\t\t\t\t<option value=\"rating\" >Ordenar por m\u00e9dia de classifica\u00e7\u00e3o<\/option>\n\t\t\t\t\t<option value=\"date\" >Ordenar por mais recente<\/option>\n\t\t\t\t\t<option value=\"price\" >Ordenar por pre\u00e7o: menor para maior<\/option>\n\t\t\t\t\t<option value=\"price-desc\" >Ordenar por pre\u00e7o: maior para menor<\/option>\n\t\t\t<\/select>\n\t<input type=\"hidden\" name=\"paged\" value=\"1\" \/>\n\t<\/form>\n<ul class=\"products elementor-grid columns-4\">\n<li class=\"product type-product post-81 status-publish first instock product_cat-bolsas product_cat-novidades has-post-thumbnail taxable shipping-taxable purchasable product-type-simple\">\n\t<a href=\"https:\/\/www.fiosencantadosjf.com\/loja\/product\/bolsa-agatha-tam-m\/\" class=\"woocommerce-LoopProduct-link woocommerce-loop-product__link\"><img fetchpriority=\"high\" decoding=\"async\" width=\"300\" height=\"300\" src=\"https:\/\/www.fiosencantadosjf.com\/loja\/wp-content\/uploads\/2025\/08\/agatha-300x300.png\" class=\"attachment-woocommerce_thumbnail size-woocommerce_thumbnail\" alt=\"Bolsa Agatha \u2013 TAM M\" srcset=\"https:\/\/www.fiosencantadosjf.com\/loja\/wp-content\/uploads\/2025\/08\/agatha-300x300.png 300w, https:\/\/www.fiosencantadosjf.com\/loja\/wp-content\/uploads\/2025\/08\/agatha-100x100.png 100w, https:\/\/www.fiosencantadosjf.com\/loja\/wp-content\/uploads\/2025\/08\/agatha-150x150.png 150w\" sizes=\"(max-width: 300px) 100vw, 300px\" \/><h2 class=\"woocommerce-loop-product__title\">Bolsa Agatha \u2013 TAM M<\/h2><div class=\"star-rating\" role=\"img\" aria-label=\"Avalia\u00e7\u00e3o 5.00 de 5\"><span style=\"width:100%\">Avalia\u00e7\u00e3o <strong class=\"rating\">5.00<\/strong> de 5<\/span><\/div>\n\t<span class=\"price\"><span class=\"woocommerce-Price-amount amount\"><bdi><span class=\"woocommerce-Price-currencySymbol\">&#82;&#36;<\/span>&nbsp;189,00<\/bdi><\/span><\/span>\n<\/a><div class=\"woocommerce-loop-product__buttons\"><a href=\"\/loja\/wp-json\/wp\/v2\/pages\/308?add-to-cart=81\" aria-describedby=\"woocommerce_loop_add_to_cart_link_describedby_81\" data-quantity=\"1\" class=\"button product_type_simple add_to_cart_button ajax_add_to_cart\" data-product_id=\"81\" data-product_sku=\"\" aria-label=\"Adicione ao carrinho: &ldquo;Bolsa Agatha \u2013 TAM M&rdquo;\" rel=\"nofollow\" data-success_message=\"\u201cBolsa Agatha \u2013 TAM M\u201d foi adicionado ao seu carrinho\" role=\"button\">Adicionar ao carrinho<\/a><\/div>\t<span id=\"woocommerce_loop_add_to_cart_link_describedby_81\" class=\"screen-reader-text\">\n\t\t\t<\/span>\n<\/li>\n<li class=\"product type-product post-1342 status-publish instock product_cat-bolsas product_cat-novidades has-post-thumbnail taxable shipping-taxable purchasable product-type-simple\">\n\t<a href=\"https:\/\/www.fiosencantadosjf.com\/loja\/product\/bolsa-ester-tamanho-m\/\" class=\"woocommerce-LoopProduct-link woocommerce-loop-product__link\"><img decoding=\"async\" width=\"300\" height=\"300\" src=\"https:\/\/www.fiosencantadosjf.com\/loja\/wp-content\/uploads\/2025\/08\/35fec333-4c60-4396-af04-dc720bea974b-300x300.jpeg\" class=\"attachment-woocommerce_thumbnail size-woocommerce_thumbnail\" alt=\"Bolsa Ester \u2013 Tamanho M\" srcset=\"https:\/\/www.fiosencantadosjf.com\/loja\/wp-content\/uploads\/2025\/08\/35fec333-4c60-4396-af04-dc720bea974b-300x300.jpeg 300w, https:\/\/www.fiosencantadosjf.com\/loja\/wp-content\/uploads\/2025\/08\/35fec333-4c60-4396-af04-dc720bea974b-150x150.jpeg 150w, https:\/\/www.fiosencantadosjf.com\/loja\/wp-content\/uploads\/2025\/08\/35fec333-4c60-4396-af04-dc720bea974b-100x100.jpeg 100w, https:\/\/www.fiosencantadosjf.com\/loja\/wp-content\/uploads\/2025\/08\/35fec333-4c60-4396-af04-dc720bea974b-50x50.jpeg 50w\" sizes=\"(max-width: 300px) 100vw, 300px\" \/><h2 class=\"woocommerce-loop-product__title\">Bolsa Ester \u2013 Tamanho M<\/h2>\n\t<span class=\"price\"><span class=\"woocommerce-Price-amount amount\"><bdi><span class=\"woocommerce-Price-currencySymbol\">&#82;&#36;<\/span>&nbsp;199,90<\/bdi><\/span><\/span>\n<\/a><div class=\"woocommerce-loop-product__buttons\"><a href=\"\/loja\/wp-json\/wp\/v2\/pages\/308?add-to-cart=1342\" aria-describedby=\"woocommerce_loop_add_to_cart_link_describedby_1342\" data-quantity=\"1\" class=\"button product_type_simple add_to_cart_button ajax_add_to_cart\" data-product_id=\"1342\" data-product_sku=\"\" aria-label=\"Adicione ao carrinho: &ldquo;Bolsa Ester \u2013 Tamanho M&rdquo;\" rel=\"nofollow\" data-success_message=\"\u201cBolsa Ester \u2013 Tamanho M\u201d foi adicionado ao seu carrinho\" role=\"button\">Adicionar ao carrinho<\/a><\/div>\t<span id=\"woocommerce_loop_add_to_cart_link_describedby_1342\" class=\"screen-reader-text\">\n\t\t\t<\/span>\n<\/li>\n<li class=\"product type-product post-83 status-publish instock product_cat-bolsas product_cat-novidades has-post-thumbnail taxable shipping-taxable purchasable product-type-simple\">\n\t<a href=\"https:\/\/www.fiosencantadosjf.com\/loja\/product\/bolsa-franciele-tam-g\/\" class=\"woocommerce-LoopProduct-link woocommerce-loop-product__link\"><img decoding=\"async\" width=\"300\" height=\"300\" src=\"https:\/\/www.fiosencantadosjf.com\/loja\/wp-content\/uploads\/2025\/08\/franciele-300x300.png\" class=\"attachment-woocommerce_thumbnail size-woocommerce_thumbnail\" alt=\"Bolsa Franciele \u2013 TAM G\" srcset=\"https:\/\/www.fiosencantadosjf.com\/loja\/wp-content\/uploads\/2025\/08\/franciele-300x300.png 300w, https:\/\/www.fiosencantadosjf.com\/loja\/wp-content\/uploads\/2025\/08\/franciele-100x100.png 100w, https:\/\/www.fiosencantadosjf.com\/loja\/wp-content\/uploads\/2025\/08\/franciele-150x150.png 150w\" sizes=\"(max-width: 300px) 100vw, 300px\" \/><h2 class=\"woocommerce-loop-product__title\">Bolsa Franciele \u2013 TAM G<\/h2>\n\t<span class=\"price\"><span class=\"woocommerce-Price-amount amount\"><bdi><span class=\"woocommerce-Price-currencySymbol\">&#82;&#36;<\/span>&nbsp;259,90<\/bdi><\/span><\/span>\n<\/a><div class=\"woocommerce-loop-product__buttons\"><a href=\"\/loja\/wp-json\/wp\/v2\/pages\/308?add-to-cart=83\" aria-describedby=\"woocommerce_loop_add_to_cart_link_describedby_83\" data-quantity=\"1\" class=\"button product_type_simple add_to_cart_button ajax_add_to_cart\" data-product_id=\"83\" data-product_sku=\"\" aria-label=\"Adicione ao carrinho: &ldquo;Bolsa Franciele \u2013 TAM G&rdquo;\" rel=\"nofollow\" data-success_message=\"\u201cBolsa Franciele \u2013 TAM G\u201d foi adicionado ao seu carrinho\" role=\"button\">Adicionar ao carrinho<\/a><\/div>\t<span id=\"woocommerce_loop_add_to_cart_link_describedby_83\" class=\"screen-reader-text\">\n\t\t\t<\/span>\n<\/li>\n<li class=\"product type-product post-1396 status-publish last instock product_cat-bolsas product_cat-novidades has-post-thumbnail taxable shipping-taxable purchasable product-type-simple\">\n\t<a href=\"https:\/\/www.fiosencantadosjf.com\/loja\/product\/bolsa-joana-tamanho-g-peca-unica\/\" class=\"woocommerce-LoopProduct-link woocommerce-loop-product__link\"><img loading=\"lazy\" decoding=\"async\" width=\"300\" height=\"300\" src=\"https:\/\/www.fiosencantadosjf.com\/loja\/wp-content\/uploads\/2025\/08\/615d4739-175f-41e2-b10b-c4f702e15b0d-300x300.jpeg\" class=\"attachment-woocommerce_thumbnail size-woocommerce_thumbnail\" alt=\"Bolsa Joana \u2013 Tamanho G (Pe\u00e7a \u00danica)\" srcset=\"https:\/\/www.fiosencantadosjf.com\/loja\/wp-content\/uploads\/2025\/08\/615d4739-175f-41e2-b10b-c4f702e15b0d-300x300.jpeg 300w, https:\/\/www.fiosencantadosjf.com\/loja\/wp-content\/uploads\/2025\/08\/615d4739-175f-41e2-b10b-c4f702e15b0d-150x150.jpeg 150w, https:\/\/www.fiosencantadosjf.com\/loja\/wp-content\/uploads\/2025\/08\/615d4739-175f-41e2-b10b-c4f702e15b0d-100x100.jpeg 100w, https:\/\/www.fiosencantadosjf.com\/loja\/wp-content\/uploads\/2025\/08\/615d4739-175f-41e2-b10b-c4f702e15b0d-50x50.jpeg 50w\" sizes=\"(max-width: 300px) 100vw, 300px\" \/><h2 class=\"woocommerce-loop-product__title\">Bolsa Joana \u2013 Tamanho G (Pe\u00e7a \u00danica)<\/h2>\n\t<span class=\"price\"><span class=\"woocommerce-Price-amount amount\"><bdi><span class=\"woocommerce-Price-currencySymbol\">&#82;&#36;<\/span>&nbsp;259,90<\/bdi><\/span><\/span>\n<\/a><div class=\"woocommerce-loop-product__buttons\"><a href=\"\/loja\/wp-json\/wp\/v2\/pages\/308?add-to-cart=1396\" aria-describedby=\"woocommerce_loop_add_to_cart_link_describedby_1396\" data-quantity=\"1\" class=\"button product_type_simple add_to_cart_button ajax_add_to_cart\" data-product_id=\"1396\" data-product_sku=\"\" aria-label=\"Adicione ao carrinho: &ldquo;Bolsa Joana \u2013 Tamanho G (Pe\u00e7a \u00danica)&rdquo;\" rel=\"nofollow\" data-success_message=\"\u201cBolsa Joana \u2013 Tamanho G (Pe\u00e7a \u00danica)\u201d foi adicionado ao seu carrinho\" role=\"button\">Adicionar ao carrinho<\/a><\/div>\t<span id=\"woocommerce_loop_add_to_cart_link_describedby_1396\" class=\"screen-reader-text\">\n\t\t\t<\/span>\n<\/li>\n<\/ul>\n<\/div>\t\t\t\t<\/div>\n\t\t\t\t<\/div>\n\t\t\t\t\t<\/div>\n\t\t\t\t<\/div>\n\t\t<div class=\"elementor-element elementor-element-38104c2 e-flex e-con-boxed e-con e-parent\" data-id=\"38104c2\" data-element_type=\"container\" data-e-type=\"container\">\n\t\t\t\t\t<div class=\"e-con-inner\">\n\t\t\t\t<div class=\"elementor-element elementor-element-fe34904 elementor-widget__width-initial elementor-fixed elementor-hidden-mobile elementor-shape-rounded elementor-grid-0 e-grid-align-center elementor-widget elementor-widget-social-icons\" data-id=\"fe34904\" data-element_type=\"widget\" data-e-type=\"widget\" data-settings=\"{&quot;_position&quot;:&quot;fixed&quot;}\" data-widget_type=\"social-icons.default\">\n\t\t\t\t\t\t\t<div class=\"elementor-social-icons-wrapper elementor-grid\" role=\"list\">\n\t\t\t\t\t\t\t<span class=\"elementor-grid-item\" role=\"listitem\">\n\t\t\t\t\t<a class=\"elementor-icon elementor-social-icon elementor-social-icon-whatsapp elementor-animation-pulse elementor-repeater-item-e8d95ab\" href=\"https:\/\/wa.me\/5551986101010\" target=\"_blank\">\n\t\t\t\t\t\t<span class=\"elementor-screen-only\">Whatsapp<\/span>\n\t\t\t\t\t\t<svg aria-hidden=\"true\" class=\"e-font-icon-svg e-fab-whatsapp\" viewBox=\"0 0 448 512\" xmlns=\"http:\/\/www.w3.org\/2000\/svg\"><path d=\"M380.9 97.1C339 55.1 283.2 32 223.9 32c-122.4 0-222 99.6-222 222 0 39.1 10.2 77.3 29.6 111L0 480l117.7-30.9c32.4 17.7 68.9 27 106.1 27h.1c122.3 0 224.1-99.6 224.1-222 0-59.3-25.2-115-67.1-157zm-157 341.6c-33.2 0-65.7-8.9-94-25.7l-6.7-4-69.8 18.3L72 359.2l-4.4-7c-18.5-29.4-28.2-63.3-28.2-98.2 0-101.7 82.8-184.5 184.6-184.5 49.3 0 95.6 19.2 130.4 54.1 34.8 34.9 56.2 81.2 56.1 130.5 0 101.8-84.9 184.6-186.6 184.6zm101.2-138.2c-5.5-2.8-32.8-16.2-37.9-18-5.1-1.9-8.8-2.8-12.5 2.8-3.7 5.6-14.3 18-17.6 21.8-3.2 3.7-6.5 4.2-12 1.4-32.6-16.3-54-29.1-75.5-66-5.7-9.8 5.7-9.1 16.3-30.3 1.8-3.7.9-6.9-.5-9.7-1.4-2.8-12.5-30.1-17.1-41.2-4.5-10.8-9.1-9.3-12.5-9.5-3.2-.2-6.9-.2-10.6-.2-3.7 0-9.7 1.4-14.8 6.9-5.1 5.6-19.4 19-19.4 46.3 0 27.3 19.9 53.7 22.6 57.4 2.8 3.7 39.1 59.7 94.8 83.8 35.2 15.2 49 16.5 66.6 13.9 10.7-1.6 32.8-13.4 37.4-26.4 4.6-13 4.6-24.1 3.2-26.4-1.3-2.5-5-3.9-10.5-6.6z\"><\/path><\/svg>\t\t\t\t\t<\/a>\n\t\t\t\t<\/span>\n\t\t\t\t\t\t\t<span class=\"elementor-grid-item\" role=\"listitem\">\n\t\t\t\t\t<a class=\"elementor-icon elementor-social-icon elementor-social-icon-instagram elementor-animation-pulse elementor-repeater-item-6fceb9a\" href=\"https:\/\/www.instagram.com\/fiosencantadosjf\/\" target=\"_blank\">\n\t\t\t\t\t\t<span class=\"elementor-screen-only\">Instagram<\/span>\n\t\t\t\t\t\t<svg aria-hidden=\"true\" class=\"e-font-icon-svg e-fab-instagram\" viewBox=\"0 0 448 512\" xmlns=\"http:\/\/www.w3.org\/2000\/svg\"><path d=\"M224.1 141c-63.6 0-114.9 51.3-114.9 114.9s51.3 114.9 114.9 114.9S339 319.5 339 255.9 287.7 141 224.1 141zm0 189.6c-41.1 0-74.7-33.5-74.7-74.7s33.5-74.7 74.7-74.7 74.7 33.5 74.7 74.7-33.6 74.7-74.7 74.7zm146.4-194.3c0 14.9-12 26.8-26.8 26.8-14.9 0-26.8-12-26.8-26.8s12-26.8 26.8-26.8 26.8 12 26.8 26.8zm76.1 27.2c-1.7-35.9-9.9-67.7-36.2-93.9-26.2-26.2-58-34.4-93.9-36.2-37-2.1-147.9-2.1-184.9 0-35.8 1.7-67.6 9.9-93.9 36.1s-34.4 58-36.2 93.9c-2.1 37-2.1 147.9 0 184.9 1.7 35.9 9.9 67.7 36.2 93.9s58 34.4 93.9 36.2c37 2.1 147.9 2.1 184.9 0 35.9-1.7 67.7-9.9 93.9-36.2 26.2-26.2 34.4-58 36.2-93.9 2.1-37 2.1-147.8 0-184.8zM398.8 388c-7.8 19.6-22.9 34.7-42.6 42.6-29.5 11.7-99.5 9-132.1 9s-102.7 2.6-132.1-9c-19.6-7.8-34.7-22.9-42.6-42.6-11.7-29.5-9-99.5-9-132.1s-2.6-102.7 9-132.1c7.8-19.6 22.9-34.7 42.6-42.6 29.5-11.7 99.5-9 132.1-9s102.7-2.6 132.1 9c19.6 7.8 34.7 22.9 42.6 42.6 11.7 29.5 9 99.5 9 132.1s2.7 102.7-9 132.1z\"><\/path><\/svg>\t\t\t\t\t<\/a>\n\t\t\t\t<\/span>\n\t\t\t\t\t\t\t<span class=\"elementor-grid-item\" role=\"listitem\">\n\t\t\t\t\t<a class=\"elementor-icon elementor-social-icon elementor-social-icon-facebook elementor-animation-pulse elementor-repeater-item-102bbba\" href=\"https:\/\/www.facebook.com\/people\/Fios-Encantados\/pfbid02mdTG6mc8VJ9AKC7CB8LH5VGx8Wm2Vt9kmNo1MjFGf1V5aQeeV8ExifovYNu3AkZvl\/?mibextid=wwXIfr&#038;rdid=DUhH6xHgqTO5MCLU&#038;share_url=https%3A%2F%2Fwww.facebook.com%2Fshare%2F19LGQHjYdA%2F%3Fmibextid%3DwwXIfr\" target=\"_blank\">\n\t\t\t\t\t\t<span class=\"elementor-screen-only\">Facebook<\/span>\n\t\t\t\t\t\t<svg aria-hidden=\"true\" class=\"e-font-icon-svg e-fab-facebook\" viewBox=\"0 0 512 512\" xmlns=\"http:\/\/www.w3.org\/2000\/svg\"><path d=\"M504 256C504 119 393 8 256 8S8 119 8 256c0 123.78 90.69 226.38 209.25 245V327.69h-63V256h63v-54.64c0-62.15 37-96.48 93.67-96.48 27.14 0 55.52 4.84 55.52 4.84v61h-31.28c-30.8 0-40.41 19.12-40.41 38.73V256h68.78l-11 71.69h-57.78V501C413.31 482.38 504 379.78 504 256z\"><\/path><\/svg>\t\t\t\t\t<\/a>\n\t\t\t\t<\/span>\n\t\t\t\t\t<\/div>\n\t\t\t\t\t\t<\/div>\n\t\t\t\t\t<\/div>\n\t\t\t\t<\/div>\n\t\t\t\t<\/div>\n\t\t","protected":false},"excerpt":{"rendered":"<p>Novidades Whatsapp Instagram Facebook<\/p>\n","protected":false},"author":6,"featured_media":0,"parent":0,"menu_order":0,"comment_status":"closed","ping_status":"closed","template":"elementor_header_footer","meta":{"footnotes":""},"class_list":["post-308","page","type-page","status-publish","hentry"],"_links":{"self":[{"href":"https:\/\/www.fiosencantadosjf.com\/loja\/wp-json\/wp\/v2\/pages\/308","targetHints":{"allow":["GET"]}}],"collection":[{"href":"https:\/\/www.fiosencantadosjf.com\/loja\/wp-json\/wp\/v2\/pages"}],"about":[{"href":"https:\/\/www.fiosencantadosjf.com\/loja\/wp-json\/wp\/v2\/types\/page"}],"author":[{"embeddable":true,"href":"https:\/\/www.fiosencantadosjf.com\/loja\/wp-json\/wp\/v2\/users\/6"}],"replies":[{"embeddable":true,"href":"https:\/\/www.fiosencantadosjf.com\/loja\/wp-json\/wp\/v2\/comments?post=308"}],"version-history":[{"count":31,"href":"https:\/\/www.fiosencantadosjf.com\/loja\/wp-json\/wp\/v2\/pages\/308\/revisions"}],"predecessor-version":[{"id":1289,"href":"https:\/\/www.fiosencantadosjf.com\/loja\/wp-json\/wp\/v2\/pages\/308\/revisions\/1289"}],"wp:attachment":[{"href":"https:\/\/www.fiosencantadosjf.com\/loja\/wp-json\/wp\/v2\/media?parent=308"}],"curies":[{"name":"wp","href":"https:\/\/api.w.org\/{rel}","templated":true}]}}