{"id":1249,"date":"2025-08-14T19:42:06","date_gmt":"2025-08-14T22:42:06","guid":{"rendered":"https:\/\/www.fiosencantadosjf.com\/loja\/?page_id=1249"},"modified":"2025-08-14T19:42:49","modified_gmt":"2025-08-14T22:42:49","slug":"trocas","status":"publish","type":"page","link":"https:\/\/www.fiosencantadosjf.com\/loja\/trocas\/","title":{"rendered":"Trocas"},"content":{"rendered":"\t\t<div data-elementor-type=\"wp-page\" data-elementor-id=\"1249\" class=\"elementor elementor-1249\" data-elementor-post-type=\"page\">\n\t\t\t\t<div class=\"elementor-element elementor-element-94ba6bd e-con-full e-flex e-con e-parent\" data-id=\"94ba6bd\" data-element_type=\"container\" data-e-type=\"container\" data-settings=\"{&quot;background_background&quot;:&quot;classic&quot;}\">\n\t\t<div class=\"elementor-element elementor-element-4f34456 e-con-full e-flex e-con e-child\" data-id=\"4f34456\" data-element_type=\"container\" data-e-type=\"container\">\n\t\t\t\t<div class=\"elementor-element elementor-element-fffb424 elementor-widget elementor-widget-heading\" data-id=\"fffb424\" data-element_type=\"widget\" data-e-type=\"widget\" data-widget_type=\"heading.default\">\n\t\t\t\t\t<h2 class=\"elementor-heading-title elementor-size-default\">Trocas e devolu\u00e7\u00f5es<\/h2>\t\t\t\t<\/div>\n\t\t\t\t<div class=\"elementor-element elementor-element-d055d8c elementor-widget__width-initial elementor-widget-mobile__width-initial elementor-widget elementor-widget-text-editor\" data-id=\"d055d8c\" data-element_type=\"widget\" data-e-type=\"widget\" data-widget_type=\"text-editor.default\">\n\t\t\t\t\t\t\t\t\t<p>A pol\u00edtica de troca da Jfios Encantados \u00e9 muito simples, flex\u00edvel e est\u00e1 de acordo com o c\u00f3digo de defesa ao consumidor.<br \/>Aceitamos devolu\u00e7\u00f5es por qualquer motivo em at\u00e9 sete (07) dias corridos ap\u00f3s o recebimento do seu pedido, e trocas em at\u00e9 30 dias. Al\u00e9m disso, o custo do frete da primeira troca ou devolu\u00e7\u00e3o de mercadoria \u00e9 por nossa conta.<\/p><p>Voc\u00ea tem at\u00e9 7 dias corridos ap\u00f3s receber o produto para desistir da compra e recuperar seu dinheiro, qualquer que seja o motivo.<\/p><p>Voc\u00ea tem at\u00e9 30 dias para trocar sua compra por qualquer produto do site de valor equivalente ao da compra original.<\/p><p>Todos os contatos referentes ao status de venda ou de entrega do produto devem ser enviados por e-mail para contato@fiosencantadosjf.com<\/p><p>Para trocas por defeito ou erro no pedido, nos envie foto do produto e um breve relato para: contato@amulherdopadre.com<\/p><p>Em caso de troca de produto ainda dentro do per\u00edodo de 30 dias, \u00e9 poss\u00edvel fazer a substitui\u00e7\u00e3o dos itens em nossa loja f\u00edsica, em Pinheiros. Para devolu\u00e7\u00f5es e estornos, \u00e9 necess\u00e1rio entrar em contato pelo e-mail listado \u00e0 cima.<\/p><p>O processo de devolu\u00e7\u00e3o do valor pago ter\u00e1 in\u00edcio ap\u00f3s o recebimento, em nossa central, do produto rejeitado. Nestes casos, seguiremos a pol\u00edtica do m\u00e9todo de pagamento escolhido na compra.<\/p><p>N\u00e3o aceitamos a devolu\u00e7\u00e3o ou troca de produtos personalizados.<\/p>\t\t\t\t\t\t\t\t<\/div>\n\t\t\t\t<\/div>\n\t\t\t\t<\/div>\n\t\t\t\t<\/div>\n\t\t","protected":false},"excerpt":{"rendered":"<p>Trocas e devolu\u00e7\u00f5es A pol\u00edtica de troca da Jfios Encantados \u00e9 muito simples, flex\u00edvel e est\u00e1 de acordo com o c\u00f3digo de defesa ao consumidor.Aceitamos devolu\u00e7\u00f5es por qualquer motivo em at\u00e9 sete (07) dias corridos ap\u00f3s o recebimento do seu pedido, e trocas em at\u00e9 30 dias. Al\u00e9m disso, o custo do frete da primeira [&hellip;]<\/p>\n","protected":false},"author":6,"featured_media":0,"parent":0,"menu_order":0,"comment_status":"closed","ping_status":"closed","template":"elementor_header_footer","meta":{"footnotes":""},"class_list":["post-1249","page","type-page","status-publish","hentry"],"_links":{"self":[{"href":"https:\/\/www.fiosencantadosjf.com\/loja\/wp-json\/wp\/v2\/pages\/1249","targetHints":{"allow":["GET"]}}],"collection":[{"href":"https:\/\/www.fiosencantadosjf.com\/loja\/wp-json\/wp\/v2\/pages"}],"about":[{"href":"https:\/\/www.fiosencantadosjf.com\/loja\/wp-json\/wp\/v2\/types\/page"}],"author":[{"embeddable":true,"href":"https:\/\/www.fiosencantadosjf.com\/loja\/wp-json\/wp\/v2\/users\/6"}],"replies":[{"embeddable":true,"href":"https:\/\/www.fiosencantadosjf.com\/loja\/wp-json\/wp\/v2\/comments?post=1249"}],"version-history":[{"count":4,"href":"https:\/\/www.fiosencantadosjf.com\/loja\/wp-json\/wp\/v2\/pages\/1249\/revisions"}],"predecessor-version":[{"id":1253,"href":"https:\/\/www.fiosencantadosjf.com\/loja\/wp-json\/wp\/v2\/pages\/1249\/revisions\/1253"}],"wp:attachment":[{"href":"https:\/\/www.fiosencantadosjf.com\/loja\/wp-json\/wp\/v2\/media?parent=1249"}],"curies":[{"name":"wp","href":"https:\/\/api.w.org\/{rel}","templated":true}]}}