{"id":1213,"date":"2025-08-14T17:44:51","date_gmt":"2025-08-14T20:44:51","guid":{"rendered":"https:\/\/www.fiosencantadosjf.com\/loja\/?page_id=1213"},"modified":"2025-08-15T12:38:16","modified_gmt":"2025-08-15T15:38:16","slug":"formas-de-pagamento","status":"publish","type":"page","link":"https:\/\/www.fiosencantadosjf.com\/loja\/formas-de-pagamento\/","title":{"rendered":"Formas de Pagamento"},"content":{"rendered":"\t\t<div data-elementor-type=\"wp-page\" data-elementor-id=\"1213\" class=\"elementor elementor-1213\" data-elementor-post-type=\"page\">\n\t\t\t\t<div class=\"elementor-element elementor-element-4a48671 e-con-full e-flex e-con e-parent\" data-id=\"4a48671\" data-element_type=\"container\" data-e-type=\"container\" data-settings=\"{&quot;background_background&quot;:&quot;classic&quot;}\">\n\t\t<div class=\"elementor-element elementor-element-8e4dc5b e-con-full e-flex e-con e-child\" data-id=\"8e4dc5b\" data-element_type=\"container\" data-e-type=\"container\">\n\t\t\t\t<div class=\"elementor-element elementor-element-cb05b21 elementor-widget elementor-widget-heading\" data-id=\"cb05b21\" data-element_type=\"widget\" data-e-type=\"widget\" data-widget_type=\"heading.default\">\n\t\t\t\t\t<h2 class=\"elementor-heading-title elementor-size-default\">Formas de Pagamento<\/h2>\t\t\t\t<\/div>\n\t\t\t\t<div class=\"elementor-element elementor-element-fe90ef7 elementor-widget__width-initial elementor-widget-mobile__width-initial elementor-widget elementor-widget-text-editor\" data-id=\"fe90ef7\" data-element_type=\"widget\" data-e-type=\"widget\" data-widget_type=\"text-editor.default\">\n\t\t\t\t\t\t\t\t\t<p>Todos nossos produtos devem ser pagos atrav\u00e9s da plataforma de meios de pagamentos no Site, que inclui ferramentas de seguran\u00e7a e antifraude. Utilizamos o Mercado Pago.<\/p>\n<p>Voc\u00ea pode pagar \u00e0 vista por PIX, gerado pelo Site no momento da compra.&nbsp; Voc\u00ea tamb\u00e9m pode pagar com cart\u00e3o de cr\u00e9dito, parcelando a compra \u2013 ou n\u00e3o \u2013 a seu crit\u00e9rio. Aceitamos Visa, Mastercard, American Express, Elo e Diners Club International.<\/p>\n<p>Compras no cart\u00e3o de cr\u00e9dito s\u00e3o sempre confirmadas pelo sistema da administradora do cart\u00e3o de cr\u00e9dito.<\/p>\n<p>A administradora do cart\u00e3o de cr\u00e9dito ou plataforma de cobran\u00e7a pode, de forma unilateral, suspender a compra por falta de aprova\u00e7\u00e3o.<\/p>\n<p>Lembre-se, seu cart\u00e3o tem um limite de compras estabelecido pela administradora do cart\u00e3o. Pedidos que ultrapassem este limite poder\u00e3o ser recusados, sem a Jfios Encantados ter qualquer responsabilidade nestes casos.<\/p>\n<p>A Jfios Encantados n\u00e3o tem acesso \u00e0s informa\u00e7\u00f5es do cart\u00e3o de cr\u00e9dito fornecidas por seus usu\u00e1rios fora do Site.<\/p>\n<p><span style=\"word-spacing: 0em;\">A <\/span>Jfios Encantados<span style=\"word-spacing: 0em;\">&nbsp;n\u00e3o se responsabiliza por vendas mal sucedidas decorrentes de informa\u00e7\u00f5es incompletas fornecidas na hora da compra (como, por exemplo, erro nos dados banc\u00e1rios ou nos dados do cart\u00e3o de cr\u00e9dito).<\/span><\/p>\n<p><span style=\"word-spacing: 0em;\">O frete est\u00e1 inclusos nos pre\u00e7os dos produtos.<\/span><\/p>\n<p>D\u00favidas ou sugest\u00f5es?<\/p>\n<p>Enviar para: contato@fiosencantadosjf.com<\/p>\t\t\t\t\t\t\t\t<\/div>\n\t\t\t\t<\/div>\n\t\t\t\t<\/div>\n\t\t\t\t<\/div>\n\t\t","protected":false},"excerpt":{"rendered":"<p>Formas de Pagamento Todos nossos produtos devem ser pagos atrav\u00e9s da plataforma de meios de pagamentos no Site, que inclui ferramentas de seguran\u00e7a e antifraude. Utilizamos o Mercado Pago. Voc\u00ea pode pagar \u00e0 vista por PIX, gerado pelo Site no momento da compra.&nbsp; Voc\u00ea tamb\u00e9m pode pagar com cart\u00e3o de cr\u00e9dito, parcelando a compra \u2013 [&hellip;]<\/p>\n","protected":false},"author":6,"featured_media":0,"parent":0,"menu_order":0,"comment_status":"closed","ping_status":"closed","template":"elementor_header_footer","meta":{"footnotes":""},"class_list":["post-1213","page","type-page","status-publish","hentry"],"_links":{"self":[{"href":"https:\/\/www.fiosencantadosjf.com\/loja\/wp-json\/wp\/v2\/pages\/1213","targetHints":{"allow":["GET"]}}],"collection":[{"href":"https:\/\/www.fiosencantadosjf.com\/loja\/wp-json\/wp\/v2\/pages"}],"about":[{"href":"https:\/\/www.fiosencantadosjf.com\/loja\/wp-json\/wp\/v2\/types\/page"}],"author":[{"embeddable":true,"href":"https:\/\/www.fiosencantadosjf.com\/loja\/wp-json\/wp\/v2\/users\/6"}],"replies":[{"embeddable":true,"href":"https:\/\/www.fiosencantadosjf.com\/loja\/wp-json\/wp\/v2\/comments?post=1213"}],"version-history":[{"count":13,"href":"https:\/\/www.fiosencantadosjf.com\/loja\/wp-json\/wp\/v2\/pages\/1213\/revisions"}],"predecessor-version":[{"id":1312,"href":"https:\/\/www.fiosencantadosjf.com\/loja\/wp-json\/wp\/v2\/pages\/1213\/revisions\/1312"}],"wp:attachment":[{"href":"https:\/\/www.fiosencantadosjf.com\/loja\/wp-json\/wp\/v2\/media?parent=1213"}],"curies":[{"name":"wp","href":"https:\/\/api.w.org\/{rel}","templated":true}]}}