{"id":1211,"date":"2025-08-14T17:43:58","date_gmt":"2025-08-14T20:43:58","guid":{"rendered":"https:\/\/www.fiosencantadosjf.com\/loja\/?page_id=1211"},"modified":"2025-08-15T12:16:16","modified_gmt":"2025-08-15T15:16:16","slug":"formas-e-prazos-de-entrega","status":"publish","type":"page","link":"https:\/\/www.fiosencantadosjf.com\/loja\/formas-e-prazos-de-entrega\/","title":{"rendered":"Formas e prazos de entrega"},"content":{"rendered":"\t\t<div data-elementor-type=\"wp-page\" data-elementor-id=\"1211\" class=\"elementor elementor-1211\" data-elementor-post-type=\"page\">\n\t\t\t\t<div class=\"elementor-element elementor-element-632da75 e-con-full e-flex e-con e-parent\" data-id=\"632da75\" data-element_type=\"container\" data-e-type=\"container\" data-settings=\"{&quot;background_background&quot;:&quot;classic&quot;}\">\n\t\t<div class=\"elementor-element elementor-element-d71d140 e-con-full e-flex e-con e-child\" data-id=\"d71d140\" data-element_type=\"container\" data-e-type=\"container\">\n\t\t\t\t<div class=\"elementor-element elementor-element-5c3489d elementor-widget elementor-widget-heading\" data-id=\"5c3489d\" data-element_type=\"widget\" data-e-type=\"widget\" data-widget_type=\"heading.default\">\n\t\t\t\t\t<h2 class=\"elementor-heading-title elementor-size-default\">Formas e prazos de entrega<\/h2>\t\t\t\t<\/div>\n\t\t\t\t<div class=\"elementor-element elementor-element-46b1399 elementor-widget__width-initial elementor-widget-mobile__width-initial elementor-widget elementor-widget-text-editor\" data-id=\"46b1399\" data-element_type=\"widget\" data-e-type=\"widget\" data-widget_type=\"text-editor.default\">\n\t\t\t\t\t\t\t\t\t<p>As entregas s\u00e3o atrav\u00e9s do PAC, realizadas em at\u00e9 8 dias \u00fateis ap\u00f3s a postagem.<\/p><p>Enviamos o produto em at\u00e9 3 dias \u00fateis ap\u00f3s a aprova\u00e7\u00e3o da compra.<br \/>Caso haja algum feriado nas datas de envio, o pedido ser\u00e1 enviado no pr\u00f3ximo dia \u00fatil de postagem.<\/p><p>Caso tenha alguma d\u00favida, entre em contato com nossa equipe atrav\u00e9s do Whatsapp +55\u00a0<span style=\"word-spacing: 0em; background-color: #c69494;\"><a href=\"https:\/\/wa.me\/5551986101010\" target=\"_blank\" rel=\"noopener\">(51) 998610-1010<\/a><\/span><\/p><p>Monitore o envio no site dos Correios, respons\u00e1vel pelo servi\u00e7o de entrega, no link:\u00a0<a style=\"word-spacing: 0em; background-color: #c69494;\" href=\"http:\/\/www2.correios.com.br\/sistemas\/rastreamento\" target=\"_blank\" rel=\"noopener\">www2.correios.com.br\/sistemas\/rastreamento<\/a><\/p><p>D\u00favidas ou sugest\u00f5es?<br \/>Enviar para: contato@fiosencantadosjf.com<\/p>\t\t\t\t\t\t\t\t<\/div>\n\t\t\t\t<\/div>\n\t\t\t\t<\/div>\n\t\t\t\t<\/div>\n\t\t","protected":false},"excerpt":{"rendered":"<p>Formas e prazos de entrega As entregas s\u00e3o atrav\u00e9s do PAC, realizadas em at\u00e9 8 dias \u00fateis ap\u00f3s a postagem. Enviamos o produto em at\u00e9 3 dias \u00fateis ap\u00f3s a aprova\u00e7\u00e3o da compra.Caso haja algum feriado nas datas de envio, o pedido ser\u00e1 enviado no pr\u00f3ximo dia \u00fatil de postagem. Caso tenha alguma d\u00favida, entre [&hellip;]<\/p>\n","protected":false},"author":6,"featured_media":0,"parent":0,"menu_order":0,"comment_status":"closed","ping_status":"closed","template":"elementor_header_footer","meta":{"footnotes":""},"class_list":["post-1211","page","type-page","status-publish","hentry"],"_links":{"self":[{"href":"https:\/\/www.fiosencantadosjf.com\/loja\/wp-json\/wp\/v2\/pages\/1211","targetHints":{"allow":["GET"]}}],"collection":[{"href":"https:\/\/www.fiosencantadosjf.com\/loja\/wp-json\/wp\/v2\/pages"}],"about":[{"href":"https:\/\/www.fiosencantadosjf.com\/loja\/wp-json\/wp\/v2\/types\/page"}],"author":[{"embeddable":true,"href":"https:\/\/www.fiosencantadosjf.com\/loja\/wp-json\/wp\/v2\/users\/6"}],"replies":[{"embeddable":true,"href":"https:\/\/www.fiosencantadosjf.com\/loja\/wp-json\/wp\/v2\/comments?post=1211"}],"version-history":[{"count":13,"href":"https:\/\/www.fiosencantadosjf.com\/loja\/wp-json\/wp\/v2\/pages\/1211\/revisions"}],"predecessor-version":[{"id":1307,"href":"https:\/\/www.fiosencantadosjf.com\/loja\/wp-json\/wp\/v2\/pages\/1211\/revisions\/1307"}],"wp:attachment":[{"href":"https:\/\/www.fiosencantadosjf.com\/loja\/wp-json\/wp\/v2\/media?parent=1211"}],"curies":[{"name":"wp","href":"https:\/\/api.w.org\/{rel}","templated":true}]}}